{"id":3009,"date":"2024-01-10T17:16:54","date_gmt":"2024-01-10T17:16:54","guid":{"rendered":"https:\/\/deluxjoia.com\/?post_type=product&#038;p=3009"},"modified":"2026-04-05T02:48:05","modified_gmt":"2026-04-05T02:48:05","slug":"thauy-althea-fragrance","status":"publish","type":"product","link":"https:\/\/deluxjoia.com\/es\/producto\/thauy-althea-fragrance\/","title":{"rendered":"Thauy Althea Fragrance"},"content":{"rendered":"","protected":false},"excerpt":{"rendered":"<p>La fragancia ALTHEA de THAUY, que en la mitolog\u00eda griega significa \"sanador\", es una fragancia unisex ahumada de cuero que da poder.<\/p>\n<p>Experience ALTHEA&#8217;s bold transformation \u2013 a fresh look that mirrors the innovation within. Unveiling sleek packaging to match the exceptional quality you love, elevating your satisfaction to new heights.<\/p>\n<p>ALTHEA es la primera fragancia lanzada de \u201cThe Power Of Resilience Collection\u201d, con esta colecci\u00f3n, THAUY quiere transmitir a todo el mundo que nacer\u00e1 un esp\u00edritu interior de fuerza y poder prevalecientes para que podamos superar todas las adversidades.<\/p>\n<p>La nariz detr\u00e1s de esta fragancia es el maestro perfumista Daniel Josier.<\/p>\n<ul>\n<li>NOTAS PRINCIPALES: Coco, G\u00e1lbano.<\/li>\n<li>NOTAS DE CORAZ\u00d3N: Tomillo, Azafr\u00e1n, Ante Cuero.<\/li>\n<li>NOTAS DE FONDO: S\u00e1ndalo, Jaras.<\/li>\n<\/ul>","protected":false},"featured_media":2996,"comment_status":"open","ping_status":"closed","template":"","meta":[],"product_brand":[],"product_cat":[236,229,239,241,230,270,233,238,235],"product_tag":[60,212,215,213,168,214,95,169,63,64,65,62,61,170,83,172,59,68],"class_list":{"0":"post-3009","1":"product","2":"type-product","3":"status-publish","4":"has-post-thumbnail","6":"product_cat-citrus","7":"product_cat-day-fragrances","8":"product_cat-fruity","9":"product_cat-leathery","10":"product_cat-night-fragrances","11":"product_cat-smoky","12":"product_cat-spicy","13":"product_cat-sweet","14":"product_cat-woody","15":"product_tag-aroma","16":"product_tag-aromatic","17":"product_tag-cistus","18":"product_tag-coconut","19":"product_tag-fruity","20":"product_tag-galbanum","21":"product_tag-leather","22":"product_tag-leather-scent","23":"product_tag-long-lasting","24":"product_tag-luxurious","25":"product_tag-luxury","26":"product_tag-nicho","27":"product_tag-perfume","28":"product_tag-saffron","29":"product_tag-sandalwood","30":"product_tag-thyme","31":"product_tag-unisex","32":"product_tag-woody","33":"pa_presentation-eau-de-parfum-100-ml","35":"first","36":"instock","37":"featured","38":"taxable","39":"shipping-taxable","40":"purchasable","41":"product-type-simple"},"_links":{"self":[{"href":"https:\/\/deluxjoia.com\/es\/wp-json\/wp\/v2\/product\/3009","targetHints":{"allow":["GET"]}}],"collection":[{"href":"https:\/\/deluxjoia.com\/es\/wp-json\/wp\/v2\/product"}],"about":[{"href":"https:\/\/deluxjoia.com\/es\/wp-json\/wp\/v2\/types\/product"}],"replies":[{"embeddable":true,"href":"https:\/\/deluxjoia.com\/es\/wp-json\/wp\/v2\/comments?post=3009"}],"wp:featuredmedia":[{"embeddable":true,"href":"https:\/\/deluxjoia.com\/es\/wp-json\/wp\/v2\/media\/2996"}],"wp:attachment":[{"href":"https:\/\/deluxjoia.com\/es\/wp-json\/wp\/v2\/media?parent=3009"}],"wp:term":[{"taxonomy":"product_brand","embeddable":true,"href":"https:\/\/deluxjoia.com\/es\/wp-json\/wp\/v2\/product_brand?post=3009"},{"taxonomy":"product_cat","embeddable":true,"href":"https:\/\/deluxjoia.com\/es\/wp-json\/wp\/v2\/product_cat?post=3009"},{"taxonomy":"product_tag","embeddable":true,"href":"https:\/\/deluxjoia.com\/es\/wp-json\/wp\/v2\/product_tag?post=3009"}],"curies":[{"name":"wp","href":"https:\/\/api.w.org\/{rel}","templated":true}]}}