{"id":3008,"date":"2024-01-10T17:15:19","date_gmt":"2024-01-10T17:15:19","guid":{"rendered":"https:\/\/deluxjoia.com\/?post_type=product&#038;p=3008"},"modified":"2024-11-12T18:32:09","modified_gmt":"2024-11-12T18:32:09","slug":"thauy-nakht-fragrance-2","status":"publish","type":"product","link":"https:\/\/deluxjoia.com\/es\/producto\/thauy-nakht-fragrance-2\/","title":{"rendered":"Thauy Nakht Fragrance"},"content":{"rendered":"<p>&nbsp;<\/p>\n<p>&nbsp;<\/p>","protected":false},"excerpt":{"rendered":"<p>La fragancia de THAUY NAKHT, que en el Antiguo Egipto significa \"el fuerte\", es una fragancia unisex de tabaco picante y c\u00e1lido.<\/p>\n<p>Experimente la audaz transformaci\u00f3n de NAKHT, un aspecto fresco que refleja la innovaci\u00f3n en su interior. Revelando un embalaje elegante para que coincida con la calidad excepcional que amas, elevando tu satisfacci\u00f3n a nuevas alturas.<\/p>\n<p>NAKHT es la nueva incorporaci\u00f3n de \u201cThe Power Of Resilience Collection\u201d, con esta colecci\u00f3n, THAUY quiere transmitir a todo el mundo que un esp\u00edritu interior de fuerza y poder prevalecientes nacer\u00e1 para que podamos superar todas las adversidades.<\/p>\n<p>La nariz detr\u00e1s de esta fragancia es el maestro perfumista Daniel Josier.<\/p>\n<ul>\n<li>NOTAS DE SALIDA: Opoponax, canela de Ceil\u00e1n, jengibre.<\/li>\n<li>NOTAS DE CORAZ\u00d3N: Madera de Higuera, Pimienta, Heliotropo.<\/li>\n<li>NOTAS DE FONDO: Vainilla y Cacao, Tabaco Ligero, Brandy.<\/li>\n<\/ul>\n<p>&nbsp;<\/p>\n<p>&nbsp;<\/p>","protected":false},"featured_media":3001,"comment_status":"open","ping_status":"closed","template":"","meta":[],"product_brand":[],"product_cat":[230,231,233,238],"product_tag":[60,63,64,65,62,61,69,59,85,150],"class_list":{"0":"post-3008","1":"product","2":"type-product","3":"status-publish","4":"has-post-thumbnail","6":"product_cat-night-fragrances","7":"product_cat-oriental","8":"product_cat-spicy","9":"product_cat-sweet","10":"product_tag-aroma","11":"product_tag-long-lasting","12":"product_tag-luxurious","13":"product_tag-luxury","14":"product_tag-nicho","15":"product_tag-perfume","16":"product_tag-spicy","17":"product_tag-unisex","18":"product_tag-vanilla","19":"product_tag-worm-notes","21":"first","22":"instock","23":"taxable","24":"shipping-taxable","25":"purchasable","26":"product-type-simple"},"_links":{"self":[{"href":"https:\/\/deluxjoia.com\/es\/wp-json\/wp\/v2\/product\/3008","targetHints":{"allow":["GET"]}}],"collection":[{"href":"https:\/\/deluxjoia.com\/es\/wp-json\/wp\/v2\/product"}],"about":[{"href":"https:\/\/deluxjoia.com\/es\/wp-json\/wp\/v2\/types\/product"}],"replies":[{"embeddable":true,"href":"https:\/\/deluxjoia.com\/es\/wp-json\/wp\/v2\/comments?post=3008"}],"wp:featuredmedia":[{"embeddable":true,"href":"https:\/\/deluxjoia.com\/es\/wp-json\/wp\/v2\/media\/3001"}],"wp:attachment":[{"href":"https:\/\/deluxjoia.com\/es\/wp-json\/wp\/v2\/media?parent=3008"}],"wp:term":[{"taxonomy":"product_brand","embeddable":true,"href":"https:\/\/deluxjoia.com\/es\/wp-json\/wp\/v2\/product_brand?post=3008"},{"taxonomy":"product_cat","embeddable":true,"href":"https:\/\/deluxjoia.com\/es\/wp-json\/wp\/v2\/product_cat?post=3008"},{"taxonomy":"product_tag","embeddable":true,"href":"https:\/\/deluxjoia.com\/es\/wp-json\/wp\/v2\/product_tag?post=3008"}],"curies":[{"name":"wp","href":"https:\/\/api.w.org\/{rel}","templated":true}]}}