{"id":3006,"date":"2024-01-10T17:10:14","date_gmt":"2024-01-10T17:10:14","guid":{"rendered":"https:\/\/deluxjoia.com\/?post_type=product&#038;p=3006"},"modified":"2026-03-31T22:13:54","modified_gmt":"2026-03-31T22:13:54","slug":"thauy-agape-fragrance-2","status":"publish","type":"product","link":"https:\/\/deluxjoia.com\/es\/producto\/thauy-agape-fragrance-2\/","title":{"rendered":"Thauy Agape Fragrance"},"content":{"rendered":"","protected":false},"excerpt":{"rendered":"<p>La fragancia de THAUY AGAPE que en la  Mitologia Griega significa \"amor incondicional\" es una fragancia unisex, romantica, dulce y golosa.<\/p>\n<p>Experimenta la audaz transformaci\u00f3n de AGAPE, un aspecto fresco que refleja la innovaci\u00f3n interior. Revelando un embalaje elegante para que coincida con la calidad excepcional que amas, elevando tu satisfacci\u00f3n a nuevas alturas.<\/p>\n<p>AGAPE es la nueva incorporaci\u00f3n de \u201cThe Power Of Resilience Collection\u201d, con esta colecci\u00f3n, THAUY quiere transmitir a todo el mundo que un esp\u00edritu interior de fuerza y poder prevalecientes nacer\u00e1 para que podamos superar todas las adversidades.<\/p>\n<p>La nariz detr\u00e1s de esta fragancia es el maestro perfumista Daniel Josier.<\/p>\n<ul>\n<li>NOTAS DE SALIDA: casia, mermelada de rosas, pomelo.<\/li>\n<li>NOTAS DE CORAZ\u00d3N: flor de ciste, jazm\u00edn, vaina de vainilla.<\/li>\n<li>NOTAS DE FONDO: Oud, \u00e1mbar gris.<\/li>\n<\/ul>\n<p>&nbsp;<\/p>","protected":false},"featured_media":2987,"comment_status":"open","ping_status":"closed","template":"","meta":[],"product_brand":[],"product_cat":[242,229,232,230,238],"product_tag":[271,60,132,70,94,102,63,64,65,202,203,62,61,147,80,59,85],"class_list":{"0":"post-3006","1":"product","2":"type-product","3":"status-publish","4":"has-post-thumbnail","6":"product_cat-aromatic","7":"product_cat-day-fragrances","8":"product_cat-floral","9":"product_cat-night-fragrances","10":"product_cat-sweet","11":"product_tag-amber-gris","12":"product_tag-aroma","13":"product_tag-day","14":"product_tag-floral","15":"product_tag-grapefruit","16":"product_tag-jasmine","17":"product_tag-long-lasting","18":"product_tag-luxurious","19":"product_tag-luxury","20":"product_tag-made-in-barcelona","21":"product_tag-made-in-spain","22":"product_tag-nicho","23":"product_tag-perfume","24":"product_tag-rose","25":"product_tag-sweet","26":"product_tag-unisex","27":"product_tag-vanilla","29":"first","30":"instock","31":"taxable","32":"shipping-taxable","33":"purchasable","34":"product-type-simple"},"_links":{"self":[{"href":"https:\/\/deluxjoia.com\/es\/wp-json\/wp\/v2\/product\/3006","targetHints":{"allow":["GET"]}}],"collection":[{"href":"https:\/\/deluxjoia.com\/es\/wp-json\/wp\/v2\/product"}],"about":[{"href":"https:\/\/deluxjoia.com\/es\/wp-json\/wp\/v2\/types\/product"}],"replies":[{"embeddable":true,"href":"https:\/\/deluxjoia.com\/es\/wp-json\/wp\/v2\/comments?post=3006"}],"wp:featuredmedia":[{"embeddable":true,"href":"https:\/\/deluxjoia.com\/es\/wp-json\/wp\/v2\/media\/2987"}],"wp:attachment":[{"href":"https:\/\/deluxjoia.com\/es\/wp-json\/wp\/v2\/media?parent=3006"}],"wp:term":[{"taxonomy":"product_brand","embeddable":true,"href":"https:\/\/deluxjoia.com\/es\/wp-json\/wp\/v2\/product_brand?post=3006"},{"taxonomy":"product_cat","embeddable":true,"href":"https:\/\/deluxjoia.com\/es\/wp-json\/wp\/v2\/product_cat?post=3006"},{"taxonomy":"product_tag","embeddable":true,"href":"https:\/\/deluxjoia.com\/es\/wp-json\/wp\/v2\/product_tag?post=3006"}],"curies":[{"name":"wp","href":"https:\/\/api.w.org\/{rel}","templated":true}]}}