{"id":2986,"date":"2024-01-10T17:00:05","date_gmt":"2024-01-10T17:00:05","guid":{"rendered":"https:\/\/deluxjoia.com\/?post_type=product&#038;p=2986"},"modified":"2025-10-31T18:35:31","modified_gmt":"2025-10-31T18:35:31","slug":"thauy-hotep-fragrance-2","status":"publish","type":"product","link":"https:\/\/deluxjoia.com\/es\/producto\/thauy-hotep-fragrance-2\/","title":{"rendered":"Thauy Hotep Fragrance"},"content":{"rendered":"","protected":false},"excerpt":{"rendered":"<p>HOTEP, que en el Antiguo Egipcio  significa \"estar en paz\", es una fragancia unisex mineral fresca y le\u00f1osa.<\/p>\n<p>Experimenta la audaz transformaci\u00f3n de HOTEP: un aspecto fresco que refleja la innovaci\u00f3n interior. Revelando un embalaje elegante para que coincida con la calidad excepcional que amas, elevando tu satisfacci\u00f3n a nuevas alturas.<\/p>\n<p>Hotep es la \u00faltima incorporaci\u00f3n de \"The Power Of Resilience Collection\", con esta colecci\u00f3n, THAUY quiere transmitir a todo el mundo que nacer\u00e1 un esp\u00edritu interior de fuerza y poder prevaleciente para que podamos superar todas las adversidades.<\/p>\n<p>La nariz detr\u00e1s de esta fragancia es el maestro perfumista Daniel Josier.<\/p>\n<ul>\n<li>HEAD NOTES: Tea leaves, cardamom and pink pepper.<\/li>\n<li>HEART NOTES: Ginger, orange blossom, bamboo and ylan-ylang.<\/li>\n<li>BASE NOTES: vetiver root, white suede and musk.<\/li>\n<\/ul>\n<p>&nbsp;<\/p>","protected":false},"featured_media":2995,"comment_status":"open","ping_status":"closed","template":"","meta":[],"product_brand":[],"product_cat":[242,229,234,237],"product_tag":[60,132,67,63,64,65,202,203,285,62,61,59],"class_list":{"0":"post-2986","1":"product","2":"type-product","3":"status-publish","4":"has-post-thumbnail","6":"product_cat-aromatic","7":"product_cat-day-fragrances","8":"product_cat-fresh","9":"product_cat-green","10":"product_tag-aroma","11":"product_tag-day","12":"product_tag-fresh","13":"product_tag-long-lasting","14":"product_tag-luxurious","15":"product_tag-luxury","16":"product_tag-made-in-barcelona","17":"product_tag-made-in-spain","18":"product_tag-mineral","19":"product_tag-nicho","20":"product_tag-perfume","21":"product_tag-unisex","23":"first","24":"instock","25":"taxable","26":"shipping-taxable","27":"purchasable","28":"product-type-simple"},"_links":{"self":[{"href":"https:\/\/deluxjoia.com\/es\/wp-json\/wp\/v2\/product\/2986","targetHints":{"allow":["GET"]}}],"collection":[{"href":"https:\/\/deluxjoia.com\/es\/wp-json\/wp\/v2\/product"}],"about":[{"href":"https:\/\/deluxjoia.com\/es\/wp-json\/wp\/v2\/types\/product"}],"replies":[{"embeddable":true,"href":"https:\/\/deluxjoia.com\/es\/wp-json\/wp\/v2\/comments?post=2986"}],"wp:featuredmedia":[{"embeddable":true,"href":"https:\/\/deluxjoia.com\/es\/wp-json\/wp\/v2\/media\/2995"}],"wp:attachment":[{"href":"https:\/\/deluxjoia.com\/es\/wp-json\/wp\/v2\/media?parent=2986"}],"wp:term":[{"taxonomy":"product_brand","embeddable":true,"href":"https:\/\/deluxjoia.com\/es\/wp-json\/wp\/v2\/product_brand?post=2986"},{"taxonomy":"product_cat","embeddable":true,"href":"https:\/\/deluxjoia.com\/es\/wp-json\/wp\/v2\/product_cat?post=2986"},{"taxonomy":"product_tag","embeddable":true,"href":"https:\/\/deluxjoia.com\/es\/wp-json\/wp\/v2\/product_tag?post=2986"}],"curies":[{"name":"wp","href":"https:\/\/api.w.org\/{rel}","templated":true}]}}