{"id":2219,"date":"2021-06-01T16:03:32","date_gmt":"2021-06-01T16:03:32","guid":{"rendered":"https:\/\/deluxjoia.com\/?post_type=product&#038;p=2219"},"modified":"2025-05-05T14:44:03","modified_gmt":"2025-05-05T14:44:03","slug":"daniel-josier-under-the-figtree","status":"publish","type":"product","link":"https:\/\/deluxjoia.com\/es\/producto\/daniel-josier-under-the-figtree\/","title":{"rendered":"Daniel Josier Under the Figtree"},"content":{"rendered":"","protected":false},"excerpt":{"rendered":"<p>Under the Figtree nace de un sue\u00f1o que tuvo Daniel Josier. Cuando era un adolescente sol\u00eda sentarse en el c\u00e9sped debajo de una higuera en la casa de sus padres para hacer mi tarea. En el sue\u00f1o vio eso, pero en lugar de estar frente a la casa de sus padres, hab\u00eda una colina con un roble encima. El perfume se interpreta como un viaje a trav\u00e9s de la adolescencia (interpretado con hierba fresca e higuera) hacia la madurez (representada por el roble y el cedro).<br \/>\nEl perfume se interpreta como un viaje a trav\u00e9s de la adolescencia (interpretado con hierba fresca e higuera) hacia la madurez (representada por el roble y el cedro).<\/p>\n<ul>\n<li class=\"p1\">Notas de salida: g\u00e1lbano, bergamota, mandarina, pimienta rosa.<\/li>\n<li class=\"p1\">Notas de coraz\u00f3n: hojas de higuera, hierba, hojas de t\u00e9, higo.<\/li>\n<li class=\"p1\">Notas de fondo: madera de cedro, encina, iris, \u00e1mbar, almizcle.<\/li>\n<\/ul>","protected":false},"featured_media":2221,"comment_status":"open","ping_status":"closed","template":"","meta":[],"product_brand":[],"product_cat":[242,236,229,232,234,239,237],"product_tag":[87,153,130,132,131,126,63,64,65,112,62,135,61,80,59],"class_list":{"0":"post-2219","1":"product","2":"type-product","3":"status-publish","4":"has-post-thumbnail","6":"product_cat-aromatic","7":"product_cat-citrus","8":"product_cat-day-fragrances","9":"product_cat-floral","10":"product_cat-fresh","11":"product_cat-fruity","12":"product_cat-green","13":"product_tag-amber","14":"product_tag-cedar","15":"product_tag-citrus","16":"product_tag-day","17":"product_tag-green","18":"product_tag-iris","19":"product_tag-long-lasting","20":"product_tag-luxurious","21":"product_tag-luxury","22":"product_tag-musk","23":"product_tag-nicho","24":"product_tag-pepper","25":"product_tag-perfume","26":"product_tag-sweet","27":"product_tag-unisex","29":"first","30":"instock","31":"taxable","32":"shipping-taxable","33":"purchasable","34":"product-type-simple"},"_links":{"self":[{"href":"https:\/\/deluxjoia.com\/es\/wp-json\/wp\/v2\/product\/2219","targetHints":{"allow":["GET"]}}],"collection":[{"href":"https:\/\/deluxjoia.com\/es\/wp-json\/wp\/v2\/product"}],"about":[{"href":"https:\/\/deluxjoia.com\/es\/wp-json\/wp\/v2\/types\/product"}],"replies":[{"embeddable":true,"href":"https:\/\/deluxjoia.com\/es\/wp-json\/wp\/v2\/comments?post=2219"}],"wp:featuredmedia":[{"embeddable":true,"href":"https:\/\/deluxjoia.com\/es\/wp-json\/wp\/v2\/media\/2221"}],"wp:attachment":[{"href":"https:\/\/deluxjoia.com\/es\/wp-json\/wp\/v2\/media?parent=2219"}],"wp:term":[{"taxonomy":"product_brand","embeddable":true,"href":"https:\/\/deluxjoia.com\/es\/wp-json\/wp\/v2\/product_brand?post=2219"},{"taxonomy":"product_cat","embeddable":true,"href":"https:\/\/deluxjoia.com\/es\/wp-json\/wp\/v2\/product_cat?post=2219"},{"taxonomy":"product_tag","embeddable":true,"href":"https:\/\/deluxjoia.com\/es\/wp-json\/wp\/v2\/product_tag?post=2219"}],"curies":[{"name":"wp","href":"https:\/\/api.w.org\/{rel}","templated":true}]}}