{"id":2039,"date":"2021-04-05T20:53:06","date_gmt":"2021-04-05T20:53:06","guid":{"rendered":"https:\/\/deluxjoia.com\/?post_type=product&#038;p=2039"},"modified":"2023-02-28T15:22:24","modified_gmt":"2023-02-28T15:22:24","slug":"history-in-drops-volume-ii","status":"publish","type":"product","link":"https:\/\/deluxjoia.com\/es\/producto\/history-in-drops-volume-ii\/","title":{"rendered":"History in drops Volume II"},"content":{"rendered":"","protected":false},"excerpt":{"rendered":"<p>Hace 2000 a\u00f1os, el\u00a0<strong>Imperio Romano<\/strong>, a trav\u00e9s de sus conquistas en Grecia y Egipto, adquiri\u00f3 el conocimiento del mundo de las esencias y fue en\u00a0<strong>Roma<\/strong>, donde recibi\u00f3 su nombre:\u00a0<strong>Profumo<\/strong>\u00a0(a trav\u00e9s del humo, en lat\u00edn). Ya que los aceites se utilizaban para los quemadores y crear atm\u00f3sferas.\n\nEn Roma se cre\u00f3 el primer gremio de \"<strong>perfumistas<\/strong>llamado \"<strong>Ung\u00fcentari<\/strong>\" y con el nacimiento de los ba\u00f1os p\u00fablicos y los masajes, los perfumes recibieron una nueva innovaci\u00f3n. Aqu\u00ed les presento la recreaci\u00f3n de la\u00a0<strong>antigua Roma<\/strong>\u00a0en un perfume. El<strong>\u00a0Volume II<\/strong>\u00a0de esta historia.<\/p>\n<ul>\n<li><strong>Notas de salida:<\/strong> Bergamota- Pimienta rosa \u2013 Chili<\/li>\n<li><strong>Notas de coraz\u00f3n:\u00a0<\/strong>Incenso \u2013 Cistus- Iris<\/li>\n<li><strong>Notas de fondo:<\/strong>\u00a0Pachul\u00ed \u2013 Vainilla \u2013 Almizcle<\/li>\n<\/ul>","protected":false},"featured_media":2040,"comment_status":"open","ping_status":"closed","template":"","meta":[],"product_brand":[],"product_cat":[233],"product_tag":[],"class_list":{"0":"post-2039","1":"product","2":"type-product","3":"status-publish","4":"has-post-thumbnail","6":"product_cat-spicy","7":"pa_presentation-eau-de-parfum-50ml-1-7oz","9":"first","10":"instock","11":"taxable","12":"shipping-taxable","13":"purchasable","14":"product-type-variable"},"_links":{"self":[{"href":"https:\/\/deluxjoia.com\/es\/wp-json\/wp\/v2\/product\/2039","targetHints":{"allow":["GET"]}}],"collection":[{"href":"https:\/\/deluxjoia.com\/es\/wp-json\/wp\/v2\/product"}],"about":[{"href":"https:\/\/deluxjoia.com\/es\/wp-json\/wp\/v2\/types\/product"}],"replies":[{"embeddable":true,"href":"https:\/\/deluxjoia.com\/es\/wp-json\/wp\/v2\/comments?post=2039"}],"wp:featuredmedia":[{"embeddable":true,"href":"https:\/\/deluxjoia.com\/es\/wp-json\/wp\/v2\/media\/2040"}],"wp:attachment":[{"href":"https:\/\/deluxjoia.com\/es\/wp-json\/wp\/v2\/media?parent=2039"}],"wp:term":[{"taxonomy":"product_brand","embeddable":true,"href":"https:\/\/deluxjoia.com\/es\/wp-json\/wp\/v2\/product_brand?post=2039"},{"taxonomy":"product_cat","embeddable":true,"href":"https:\/\/deluxjoia.com\/es\/wp-json\/wp\/v2\/product_cat?post=2039"},{"taxonomy":"product_tag","embeddable":true,"href":"https:\/\/deluxjoia.com\/es\/wp-json\/wp\/v2\/product_tag?post=2039"}],"curies":[{"name":"wp","href":"https:\/\/api.w.org\/{rel}","templated":true}]}}