{"id":2034,"date":"2021-04-05T20:51:16","date_gmt":"2021-04-05T20:51:16","guid":{"rendered":"https:\/\/deluxjoia.com\/?post_type=product&#038;p=2034"},"modified":"2021-08-24T17:54:55","modified_gmt":"2021-08-24T17:54:55","slug":"history-in-drops-volume-i","status":"publish","type":"product","link":"https:\/\/deluxjoia.com\/es\/producto\/history-in-drops-volume-i\/","title":{"rendered":"History in drops Volume I"},"content":{"rendered":"","protected":false},"excerpt":{"rendered":"<p>Hace 3500 a\u00f1os, en\u00a0<strong>Mesopotamia<\/strong>, los\u00a0<strong>Sumerios<\/strong>\u00a0crearon una civilizaci\u00f3n muy avanzada, en el desarrollo de los canales, la agricultura y los ung\u00fcentos, y de ah\u00ed surgieron las primeras destilaciones de aceites, y el nacimiento de los perfumes. De la mano de dos mujeres,\u00a0<strong>Taputti<\/strong>\u00a0y su ayudante,\u00a0<strong>Ninu<\/strong>, que elaboraban aceites arom\u00e1ticos para el rey sumerio.<br \/>\nAqu\u00ed os presento una recreaci\u00f3n de las notas m\u00e1s utilizadas en aquella \u00e9poca.\u00a0<strong>Volume I<\/strong>\u00a0de esta historia.<\/p>\n<ul>\n<li><strong>Notas de salida:<\/strong> Pimienta rosa \u2013 Nuez moscada<\/li>\n<li><strong>Notas de coraz\u00f3n:<\/strong> Madera de cedro- Iris- Pachuli<\/li>\n<li><strong>Notas de fondo:<\/strong>\u00a0Almizcle- S\u00e1ndalo<\/li>\n<\/ul>","protected":false},"featured_media":2035,"comment_status":"open","ping_status":"closed","template":"","meta":[],"product_brand":[],"product_cat":[231],"product_tag":[],"class_list":{"0":"post-2034","1":"product","2":"type-product","3":"status-publish","4":"has-post-thumbnail","6":"product_cat-oriental","7":"pa_presentation-eau-de-parfum-50ml-1-7oz","9":"first","10":"instock","11":"taxable","12":"shipping-taxable","13":"purchasable","14":"product-type-variable"},"_links":{"self":[{"href":"https:\/\/deluxjoia.com\/es\/wp-json\/wp\/v2\/product\/2034","targetHints":{"allow":["GET"]}}],"collection":[{"href":"https:\/\/deluxjoia.com\/es\/wp-json\/wp\/v2\/product"}],"about":[{"href":"https:\/\/deluxjoia.com\/es\/wp-json\/wp\/v2\/types\/product"}],"replies":[{"embeddable":true,"href":"https:\/\/deluxjoia.com\/es\/wp-json\/wp\/v2\/comments?post=2034"}],"wp:featuredmedia":[{"embeddable":true,"href":"https:\/\/deluxjoia.com\/es\/wp-json\/wp\/v2\/media\/2035"}],"wp:attachment":[{"href":"https:\/\/deluxjoia.com\/es\/wp-json\/wp\/v2\/media?parent=2034"}],"wp:term":[{"taxonomy":"product_brand","embeddable":true,"href":"https:\/\/deluxjoia.com\/es\/wp-json\/wp\/v2\/product_brand?post=2034"},{"taxonomy":"product_cat","embeddable":true,"href":"https:\/\/deluxjoia.com\/es\/wp-json\/wp\/v2\/product_cat?post=2034"},{"taxonomy":"product_tag","embeddable":true,"href":"https:\/\/deluxjoia.com\/es\/wp-json\/wp\/v2\/product_tag?post=2034"}],"curies":[{"name":"wp","href":"https:\/\/api.w.org\/{rel}","templated":true}]}}