{"id":1800,"date":"2021-02-16T00:36:13","date_gmt":"2021-02-16T00:36:13","guid":{"rendered":"https:\/\/deluxjoia.com\/?post_type=product&#038;p=1800"},"modified":"2026-03-11T12:23:59","modified_gmt":"2026-03-11T12:23:59","slug":"somens-perfume-jade","status":"publish","type":"product","link":"https:\/\/deluxjoia.com\/es\/producto\/somens-perfume-jade\/","title":{"rendered":"Perfume Somens Jade"},"content":{"rendered":"","protected":false},"excerpt":{"rendered":"<p class=\"p1\">Jade es us perfume creado tanto de materias primas naturales como sint\u00e9ticas que van desde una esencia de pachul\u00ed indonesio, que aporta una faceta sorprendentemente sensual y adictiva del cacao, hasta composiciones como Jade de Somens, que parte de una composici\u00f3n floral afrutada, que guardamos en secreto, evolucionando hacia un coraz\u00f3n floral de gardenia con un toque de bergamota. Todo reposando sobre una base profunda de s\u00e1ndalo.<\/p>\n<p>La nariz detr\u00e1s de esta fragancia es el maestro perfumista Lucas Sieuzac.<\/p>\n<ul>\n<li class=\"p1\"><strong>NOTAS DE SALIDA<\/strong>: Floral, Afrutado<\/li>\n<li class=\"p1\"><strong>NOTAS DE CORAZ\u00d3N<\/strong>:  Gardenia, Bergamota<\/li>\n<li class=\"p1\"><strong>NOTAS DE FONDO<\/strong>: S\u00e1ndalo, Cedro<\/li>\n<\/ul>","protected":false},"featured_media":1829,"comment_status":"open","ping_status":"closed","template":"","meta":[],"product_brand":[],"product_cat":[229,232,234,239,237,230,225,238],"product_tag":[60,63,64,62,61,59],"class_list":{"0":"post-1800","1":"product","2":"type-product","3":"status-publish","4":"has-post-thumbnail","6":"product_cat-day-fragrances","7":"product_cat-floral","8":"product_cat-fresh","9":"product_cat-fruity","10":"product_cat-green","11":"product_cat-night-fragrances","12":"product_cat-somens-perfumes","13":"product_cat-sweet","14":"product_tag-aroma","15":"product_tag-long-lasting","16":"product_tag-luxurious","17":"product_tag-nicho","18":"product_tag-perfume","19":"product_tag-unisex","20":"pa_presentation-eau-de-parfum-100-ml","21":"pa_presentation-eau-de-parfum-50ml-1-7oz","23":"first","24":"instock","25":"featured","26":"taxable","27":"shipping-taxable","28":"purchasable","29":"product-type-variable"},"_links":{"self":[{"href":"https:\/\/deluxjoia.com\/es\/wp-json\/wp\/v2\/product\/1800","targetHints":{"allow":["GET"]}}],"collection":[{"href":"https:\/\/deluxjoia.com\/es\/wp-json\/wp\/v2\/product"}],"about":[{"href":"https:\/\/deluxjoia.com\/es\/wp-json\/wp\/v2\/types\/product"}],"replies":[{"embeddable":true,"href":"https:\/\/deluxjoia.com\/es\/wp-json\/wp\/v2\/comments?post=1800"}],"wp:featuredmedia":[{"embeddable":true,"href":"https:\/\/deluxjoia.com\/es\/wp-json\/wp\/v2\/media\/1829"}],"wp:attachment":[{"href":"https:\/\/deluxjoia.com\/es\/wp-json\/wp\/v2\/media?parent=1800"}],"wp:term":[{"taxonomy":"product_brand","embeddable":true,"href":"https:\/\/deluxjoia.com\/es\/wp-json\/wp\/v2\/product_brand?post=1800"},{"taxonomy":"product_cat","embeddable":true,"href":"https:\/\/deluxjoia.com\/es\/wp-json\/wp\/v2\/product_cat?post=1800"},{"taxonomy":"product_tag","embeddable":true,"href":"https:\/\/deluxjoia.com\/es\/wp-json\/wp\/v2\/product_tag?post=1800"}],"curies":[{"name":"wp","href":"https:\/\/api.w.org\/{rel}","templated":true}]}}