{"id":1799,"date":"2021-02-16T00:34:03","date_gmt":"2021-02-16T00:34:03","guid":{"rendered":"https:\/\/deluxjoia.com\/?post_type=product&#038;p=1799"},"modified":"2025-02-28T02:32:28","modified_gmt":"2025-02-28T02:32:28","slug":"somens-perfume-seda","status":"publish","type":"product","link":"https:\/\/deluxjoia.com\/es\/producto\/somens-perfume-seda\/","title":{"rendered":"Perfume Somens Seda"},"content":{"rendered":"","protected":false},"excerpt":{"rendered":"<p class=\"p1\">Seda es el perfume que comienza con la historia de las culturas del Oc\u00e9ano \u00cdndico y termina en las principales ciudades de Europa con un toque fresco muy elegante.<\/p>\n<p class=\"p1\">Abre con notas de mandarina y g\u00e1lbano, evolucionando hacia una fragancia dulce, afrutada y floral de grosella y jazm\u00edn. Un profundo e intenso toque de cedro y almizcle componen la base. Una fragancia afrutada y almizclada con un toque c\u00edtrico.<\/p>\n<p>La nariz detr\u00e1s de esta fragancia es el maestro perfumista Daniel Josier.<\/p>\n<ul>\n<li class=\"p1\"><strong>NOTAS DE SALIDA<\/strong>: Mandarina, C\u00edtricos, Galbanum<\/li>\n<li class=\"p1\"><strong>NOTAS DE CORAZ\u00d3N<\/strong>:  Grosella, Jazm\u00edn<\/li>\n<li class=\"p1\"><strong>NOTAS DE FONDO<\/strong>: Cedro, Almizcle<\/li>\n<\/ul>","protected":false},"featured_media":1833,"comment_status":"open","ping_status":"closed","template":"","meta":[],"product_brand":[],"product_cat":[242,236,229,232,234,237,230,225],"product_tag":[60,63,64,62,61,59],"class_list":{"0":"post-1799","1":"product","2":"type-product","3":"status-publish","4":"has-post-thumbnail","6":"product_cat-aromatic","7":"product_cat-citrus","8":"product_cat-day-fragrances","9":"product_cat-floral","10":"product_cat-fresh","11":"product_cat-green","12":"product_cat-night-fragrances","13":"product_cat-somens-perfumes","14":"product_tag-aroma","15":"product_tag-long-lasting","16":"product_tag-luxurious","17":"product_tag-nicho","18":"product_tag-perfume","19":"product_tag-unisex","20":"pa_presentation-eau-de-parfum-100-ml","21":"pa_presentation-eau-de-parfum-50ml-1-7oz","23":"first","24":"instock","25":"taxable","26":"shipping-taxable","27":"purchasable","28":"product-type-variable"},"_links":{"self":[{"href":"https:\/\/deluxjoia.com\/es\/wp-json\/wp\/v2\/product\/1799","targetHints":{"allow":["GET"]}}],"collection":[{"href":"https:\/\/deluxjoia.com\/es\/wp-json\/wp\/v2\/product"}],"about":[{"href":"https:\/\/deluxjoia.com\/es\/wp-json\/wp\/v2\/types\/product"}],"replies":[{"embeddable":true,"href":"https:\/\/deluxjoia.com\/es\/wp-json\/wp\/v2\/comments?post=1799"}],"wp:featuredmedia":[{"embeddable":true,"href":"https:\/\/deluxjoia.com\/es\/wp-json\/wp\/v2\/media\/1833"}],"wp:attachment":[{"href":"https:\/\/deluxjoia.com\/es\/wp-json\/wp\/v2\/media?parent=1799"}],"wp:term":[{"taxonomy":"product_brand","embeddable":true,"href":"https:\/\/deluxjoia.com\/es\/wp-json\/wp\/v2\/product_brand?post=1799"},{"taxonomy":"product_cat","embeddable":true,"href":"https:\/\/deluxjoia.com\/es\/wp-json\/wp\/v2\/product_cat?post=1799"},{"taxonomy":"product_tag","embeddable":true,"href":"https:\/\/deluxjoia.com\/es\/wp-json\/wp\/v2\/product_tag?post=1799"}],"curies":[{"name":"wp","href":"https:\/\/api.w.org\/{rel}","templated":true}]}}