{"id":1798,"date":"2021-02-16T00:31:46","date_gmt":"2021-02-16T00:31:46","guid":{"rendered":"https:\/\/deluxjoia.com\/?post_type=product&#038;p=1798"},"modified":"2026-03-01T07:17:01","modified_gmt":"2026-03-01T07:17:01","slug":"somens-perfume-aria","status":"publish","type":"product","link":"https:\/\/deluxjoia.com\/es\/producto\/somens-perfume-aria\/","title":{"rendered":"Perfume Somens Aria"},"content":{"rendered":"","protected":false},"excerpt":{"rendered":"<p class=\"p1\">Aria es la esencia del mar Mediterr\u00e1neo. Representa y vincula la migraci\u00f3n de quienes emprendieron una valiente aventura a lo largo del tiempo hacia Am\u00e9rica. Comienza con el mejor lim\u00f3n, bergamota y granada de los \u00e1rboles cultivados ancestralmente de generaci\u00f3n en generaci\u00f3n en las soleadas tierras de la Pen\u00ednsula Ib\u00e9rica hasta hoy.<\/p>\n<p class=\"p1\">El coraz\u00f3n est\u00e1 compuesto por t\u00e9 blanco y jazm\u00edn de la Provenza e higo de Catalu\u00f1a, donde naci\u00f3 el famoso pintor Dal\u00ed. Las notas de fondo son algunos de los ingredientes m\u00e1s antiguos que se encuentran en las monta\u00f1as libanesas, vetiver y cedro, todo equilibrado con un toque de almizcle.<\/p>\n<p>La nariz detr\u00e1s de esta fragancia es el maestro perfumista Chris Maurice.<\/p>\n<ul>\n<li class=\"p1\"><strong>NOTAS DE SALIDA<\/strong>: Bergamot, Lemon, Pomegranate.<\/li>\n<li class=\"p1\"><strong>NOTAS DE CORAZ\u00d3N<\/strong>: White Tea, Jasmine, Fig.<\/li>\n<li class=\"p1\"><strong>NOTAS DE FONDO<\/strong>: Vetiver, Cedar, Musk.<\/li>\n<\/ul>","protected":false},"featured_media":1838,"comment_status":"open","ping_status":"closed","template":"","meta":[],"product_brand":[],"product_cat":[242,236,229,239,237,230,225,233,235],"product_tag":[60,63,64,62,61,59],"class_list":{"0":"post-1798","1":"product","2":"type-product","3":"status-publish","4":"has-post-thumbnail","6":"product_cat-aromatic","7":"product_cat-citrus","8":"product_cat-day-fragrances","9":"product_cat-fruity","10":"product_cat-green","11":"product_cat-night-fragrances","12":"product_cat-somens-perfumes","13":"product_cat-spicy","14":"product_cat-woody","15":"product_tag-aroma","16":"product_tag-long-lasting","17":"product_tag-luxurious","18":"product_tag-nicho","19":"product_tag-perfume","20":"product_tag-unisex","21":"pa_presentation-eau-de-parfum-100-ml","22":"pa_presentation-eau-de-parfum-50ml-1-7oz","24":"first","25":"instock","26":"taxable","27":"shipping-taxable","28":"purchasable","29":"product-type-variable"},"_links":{"self":[{"href":"https:\/\/deluxjoia.com\/es\/wp-json\/wp\/v2\/product\/1798","targetHints":{"allow":["GET"]}}],"collection":[{"href":"https:\/\/deluxjoia.com\/es\/wp-json\/wp\/v2\/product"}],"about":[{"href":"https:\/\/deluxjoia.com\/es\/wp-json\/wp\/v2\/types\/product"}],"replies":[{"embeddable":true,"href":"https:\/\/deluxjoia.com\/es\/wp-json\/wp\/v2\/comments?post=1798"}],"wp:featuredmedia":[{"embeddable":true,"href":"https:\/\/deluxjoia.com\/es\/wp-json\/wp\/v2\/media\/1838"}],"wp:attachment":[{"href":"https:\/\/deluxjoia.com\/es\/wp-json\/wp\/v2\/media?parent=1798"}],"wp:term":[{"taxonomy":"product_brand","embeddable":true,"href":"https:\/\/deluxjoia.com\/es\/wp-json\/wp\/v2\/product_brand?post=1798"},{"taxonomy":"product_cat","embeddable":true,"href":"https:\/\/deluxjoia.com\/es\/wp-json\/wp\/v2\/product_cat?post=1798"},{"taxonomy":"product_tag","embeddable":true,"href":"https:\/\/deluxjoia.com\/es\/wp-json\/wp\/v2\/product_tag?post=1798"}],"curies":[{"name":"wp","href":"https:\/\/api.w.org\/{rel}","templated":true}]}}