{"id":1797,"date":"2021-02-16T00:28:23","date_gmt":"2021-02-16T00:28:23","guid":{"rendered":"https:\/\/deluxjoia.com\/?post_type=product&#038;p=1797"},"modified":"2023-12-06T19:08:55","modified_gmt":"2023-12-06T19:08:55","slug":"somens-perfume-arena","status":"publish","type":"product","link":"https:\/\/deluxjoia.com\/es\/producto\/somens-perfume-arena\/","title":{"rendered":"Perfume Somens Arena"},"content":{"rendered":"","protected":false},"excerpt":{"rendered":"<p class=\"p1\">Arena es el perfume que representa el origen de todos los perfumes y que ha evolucionado hasta convertirse en el perfumes de hoy. Arena es el vestigio del primer perfume que existi\u00f3 en el mundo \u00e1rabe y fue creado con elegantes y exquisitas notas \u00e1rabes y cl\u00e1sicas.<\/p>\n<p class=\"p1\">Abre con rosa, artemisa y cardamomo, evolucionando para incluir notas de salvia, ambar e iris con un toque de frutos rojos antes de llegar a la base de almizcle, vainilla, notas amaderadas y el m\u00e1s fino oud. La fragancia te transporta desde el Mediterr\u00e1neo a los desiertos de Arabia a medida que pasan las horas.<\/p>\n<p>La nariz detr\u00e1s de esta fragancia es el maestro perfumista Chris Maurice.<\/p>\n<ul>\n<li class=\"p1\"><strong>NOTAS DE SALIDA<\/strong>: Rosa, Artemisia, Cardamomo<\/li>\n<li class=\"p1\"><strong>NOTAS DE CORAZ\u00d3N<\/strong>: Salvia, \u00c1mbar, Cipriol, Iris, Frutos Rojos<\/li>\n<li class=\"p1\"><strong>NOTAS DE FONDO<\/strong>: Almizcle, Vainilla, Notas Amaderadas, Oud<\/li>\n<\/ul>","protected":false},"featured_media":1842,"comment_status":"open","ping_status":"closed","template":"","meta":[],"product_brand":[],"product_cat":[239,230,231,225,233,235],"product_tag":[60,63,64,62,61,59],"class_list":{"0":"post-1797","1":"product","2":"type-product","3":"status-publish","4":"has-post-thumbnail","6":"product_cat-fruity","7":"product_cat-night-fragrances","8":"product_cat-oriental","9":"product_cat-somens-perfumes","10":"product_cat-spicy","11":"product_cat-woody","12":"product_tag-aroma","13":"product_tag-long-lasting","14":"product_tag-luxurious","15":"product_tag-nicho","16":"product_tag-perfume","17":"product_tag-unisex","18":"pa_presentation-eau-de-parfum-100-ml","19":"pa_presentation-eau-de-parfum-50ml-1-7oz","21":"first","22":"instock","23":"taxable","24":"shipping-taxable","25":"purchasable","26":"product-type-variable"},"_links":{"self":[{"href":"https:\/\/deluxjoia.com\/es\/wp-json\/wp\/v2\/product\/1797","targetHints":{"allow":["GET"]}}],"collection":[{"href":"https:\/\/deluxjoia.com\/es\/wp-json\/wp\/v2\/product"}],"about":[{"href":"https:\/\/deluxjoia.com\/es\/wp-json\/wp\/v2\/types\/product"}],"replies":[{"embeddable":true,"href":"https:\/\/deluxjoia.com\/es\/wp-json\/wp\/v2\/comments?post=1797"}],"wp:featuredmedia":[{"embeddable":true,"href":"https:\/\/deluxjoia.com\/es\/wp-json\/wp\/v2\/media\/1842"}],"wp:attachment":[{"href":"https:\/\/deluxjoia.com\/es\/wp-json\/wp\/v2\/media?parent=1797"}],"wp:term":[{"taxonomy":"product_brand","embeddable":true,"href":"https:\/\/deluxjoia.com\/es\/wp-json\/wp\/v2\/product_brand?post=1797"},{"taxonomy":"product_cat","embeddable":true,"href":"https:\/\/deluxjoia.com\/es\/wp-json\/wp\/v2\/product_cat?post=1797"},{"taxonomy":"product_tag","embeddable":true,"href":"https:\/\/deluxjoia.com\/es\/wp-json\/wp\/v2\/product_tag?post=1797"}],"curies":[{"name":"wp","href":"https:\/\/api.w.org\/{rel}","templated":true}]}}