{"id":1795,"date":"2021-02-16T00:20:18","date_gmt":"2021-02-16T00:20:18","guid":{"rendered":"https:\/\/deluxjoia.com\/?post_type=product&#038;p=1795"},"modified":"2024-08-06T16:44:58","modified_gmt":"2024-08-06T16:44:58","slug":"perfume-daniel-josier-golden-tuberose","status":"publish","type":"product","link":"https:\/\/deluxjoia.com\/es\/producto\/perfume-daniel-josier-golden-tuberose\/","title":{"rendered":"Perfume Daniel Josier Golden Tuberose"},"content":{"rendered":"","protected":false},"excerpt":{"rendered":"<p class=\"p1\">Un perfume de lujo con cualidades \u00fanicas y mucha profundidad. \u00a1Tiene car\u00e1cter y fuerza! Perfume con oro de 23K que se desprende con el spray de perfume dejando part\u00edculas de oro en tu piel.<\/p>\n<p class=\"p1\">Frutos rosados, especias y nuez moscada con suaves y delicados toques de tagetes y pomelo en los bordes dando paso a un cuero majestuoso. El sabor es tropical con flores blancas c\u00e1lidas, nardos y ylang-ylang entrelazadas con un toque de heliotropo salvaje y Osmantus. El \u00e1mbar y la vainilla flor aportan sensualidad. La fragancia est\u00e1 envuelta en un sutil musgo de roble y almizcle blanco.<\/p>\n<ul>\n<li class=\"p1\">Notas de salida: Davana, frutos rojos, taget, nardos.<\/li>\n<li class=\"p1\">Notas de coraz\u00f3n: ylang-ylang, nuez moscada, jazm\u00edn, nardo.<\/li>\n<li class=\"p1\">Notas de fondo: musgo de roble, vainilla, almizcle.<\/li>\n<\/ul>","protected":false},"featured_media":1853,"comment_status":"open","ping_status":"closed","template":"","meta":[],"product_brand":[],"product_cat":[232,230,231,238,235],"product_tag":[],"class_list":{"0":"post-1795","1":"product","2":"type-product","3":"status-publish","4":"has-post-thumbnail","6":"product_cat-floral","7":"product_cat-night-fragrances","8":"product_cat-oriental","9":"product_cat-sweet","10":"product_cat-woody","11":"pa_presentation-eau-de-parfum-100-ml","13":"first","14":"instock","15":"taxable","16":"shipping-taxable","17":"purchasable","18":"product-type-variable"},"_links":{"self":[{"href":"https:\/\/deluxjoia.com\/es\/wp-json\/wp\/v2\/product\/1795","targetHints":{"allow":["GET"]}}],"collection":[{"href":"https:\/\/deluxjoia.com\/es\/wp-json\/wp\/v2\/product"}],"about":[{"href":"https:\/\/deluxjoia.com\/es\/wp-json\/wp\/v2\/types\/product"}],"replies":[{"embeddable":true,"href":"https:\/\/deluxjoia.com\/es\/wp-json\/wp\/v2\/comments?post=1795"}],"wp:featuredmedia":[{"embeddable":true,"href":"https:\/\/deluxjoia.com\/es\/wp-json\/wp\/v2\/media\/1853"}],"wp:attachment":[{"href":"https:\/\/deluxjoia.com\/es\/wp-json\/wp\/v2\/media?parent=1795"}],"wp:term":[{"taxonomy":"product_brand","embeddable":true,"href":"https:\/\/deluxjoia.com\/es\/wp-json\/wp\/v2\/product_brand?post=1795"},{"taxonomy":"product_cat","embeddable":true,"href":"https:\/\/deluxjoia.com\/es\/wp-json\/wp\/v2\/product_cat?post=1795"},{"taxonomy":"product_tag","embeddable":true,"href":"https:\/\/deluxjoia.com\/es\/wp-json\/wp\/v2\/product_tag?post=1795"}],"curies":[{"name":"wp","href":"https:\/\/api.w.org\/{rel}","templated":true}]}}