{"id":1793,"date":"2021-02-16T00:13:40","date_gmt":"2021-02-16T00:13:40","guid":{"rendered":"https:\/\/deluxjoia.com\/?post_type=product&#038;p=1793"},"modified":"2025-07-09T02:52:54","modified_gmt":"2025-07-09T02:52:54","slug":"perfume-daniel-josier-golden-musk","status":"publish","type":"product","link":"https:\/\/deluxjoia.com\/es\/producto\/perfume-daniel-josier-golden-musk\/","title":{"rendered":"Perfume Daniel Josier Golden Musk"},"content":{"rendered":"","protected":false},"excerpt":{"rendered":"<p class=\"p1\">Una nube sensual de almizcle blanco se extiende alrededor con una textura cremosa de color \u00e1mbar. Se abre con semillas de muscone, ang\u00e9lica y abelmoscheus, que le confiere un car\u00e1cter almizclado qu\u00e9 da paso a un coraz\u00f3n con madera de Bombay y detalles de pachul\u00ed y rosa. Es ligero, firme y \u00e1gil, envolvente y a\u00e9reo ... es lo sobrenatural. Perfume con oro de 23K que se desprende con el spray de perfume dejando part\u00edculas de oro en tu piel.<\/p>\n<ul>\n<li class=\"p1\">Notas de salida: ang\u00e9lica, muscone.<\/li>\n<li class=\"p1\">Notas de coraz\u00f3n: almizcle, madera de Bombay, notas de rosa.<\/li>\n<li class=\"p1\">Notas de fondo: almizcle blanco, labdano.<\/li>\n<\/ul>","protected":false},"featured_media":1866,"comment_status":"open","ping_status":"closed","template":"","meta":[],"product_brand":[],"product_cat":[232,230,231,235],"product_tag":[125,60,181,70,179,63,64,65,180,62,118,79,84,61,147,115,59,100],"class_list":{"0":"post-1793","1":"product","2":"type-product","3":"status-publish","4":"has-post-thumbnail","6":"product_cat-floral","7":"product_cat-night-fragrances","8":"product_cat-oriental","9":"product_cat-woody","10":"product_tag-angelica","11":"product_tag-aroma","12":"product_tag-bombay-wood","13":"product_tag-floral","14":"product_tag-gold","15":"product_tag-long-lasting","16":"product_tag-luxurious","17":"product_tag-luxury","18":"product_tag-muscone-abelmoscheus-seeds","19":"product_tag-nicho","20":"product_tag-night","21":"product_tag-oriental","22":"product_tag-patchouli","23":"product_tag-perfume","24":"product_tag-rose","25":"product_tag-sensual","26":"product_tag-unisex","27":"product_tag-white-musk","28":"pa_presentation-eau-de-parfum-100-ml","30":"first","31":"instock","32":"taxable","33":"shipping-taxable","34":"purchasable","35":"product-type-variable"},"_links":{"self":[{"href":"https:\/\/deluxjoia.com\/es\/wp-json\/wp\/v2\/product\/1793","targetHints":{"allow":["GET"]}}],"collection":[{"href":"https:\/\/deluxjoia.com\/es\/wp-json\/wp\/v2\/product"}],"about":[{"href":"https:\/\/deluxjoia.com\/es\/wp-json\/wp\/v2\/types\/product"}],"replies":[{"embeddable":true,"href":"https:\/\/deluxjoia.com\/es\/wp-json\/wp\/v2\/comments?post=1793"}],"wp:featuredmedia":[{"embeddable":true,"href":"https:\/\/deluxjoia.com\/es\/wp-json\/wp\/v2\/media\/1866"}],"wp:attachment":[{"href":"https:\/\/deluxjoia.com\/es\/wp-json\/wp\/v2\/media?parent=1793"}],"wp:term":[{"taxonomy":"product_brand","embeddable":true,"href":"https:\/\/deluxjoia.com\/es\/wp-json\/wp\/v2\/product_brand?post=1793"},{"taxonomy":"product_cat","embeddable":true,"href":"https:\/\/deluxjoia.com\/es\/wp-json\/wp\/v2\/product_cat?post=1793"},{"taxonomy":"product_tag","embeddable":true,"href":"https:\/\/deluxjoia.com\/es\/wp-json\/wp\/v2\/product_tag?post=1793"}],"curies":[{"name":"wp","href":"https:\/\/api.w.org\/{rel}","templated":true}]}}