{"id":1777,"date":"2021-02-15T22:59:56","date_gmt":"2021-02-15T22:59:56","guid":{"rendered":"https:\/\/deluxjoia.com\/?post_type=product&#038;p=1777"},"modified":"2026-03-31T22:12:30","modified_gmt":"2026-03-31T22:12:30","slug":"perfume-daniel-josier-green-leather","status":"publish","type":"product","link":"https:\/\/deluxjoia.com\/es\/producto\/perfume-daniel-josier-green-leather\/","title":{"rendered":"Perfume Daniel Josier Green Leather"},"content":{"rendered":"","protected":false},"excerpt":{"rendered":"<p class=\"p1\">Un aroma de cuero intensamente hermoso. Las notas de salida son azafr\u00e1n, frambuesa y tomillo; las Notas de Coraz\u00f3n son incienso y jazm\u00edn de flor nocturna; y las notas de fondo son cuero y ante con notas amaderadas de \u00e1mbar.<\/p>\n<ul>\n<li class=\"p1\">Notas de salida: tomillo, azafr\u00e1n, frambuesa.<\/li>\n<li class=\"p1\">Notas de coraz\u00f3n: jazm\u00edn de noche, notas de cuero, cuero negro.<\/li>\n<li class=\"p1\">Notas bajas: cuero, notas amaderadas, \u00e1mbar.<\/li>\n<\/ul>","protected":false},"featured_media":1984,"comment_status":"open","ping_status":"closed","template":"","meta":[],"product_brand":[],"product_cat":[229,239,237,241,270,233,238],"product_tag":[87,60,171,168,102,95,169,63,64,65,62,61,173,170,69,172,59,68],"class_list":{"0":"post-1777","1":"product","2":"type-product","3":"status-publish","4":"has-post-thumbnail","6":"product_cat-day-fragrances","7":"product_cat-fruity","8":"product_cat-green","9":"product_cat-leathery","10":"product_cat-smoky","11":"product_cat-spicy","12":"product_cat-sweet","13":"product_tag-amber","14":"product_tag-aroma","15":"product_tag-black-leather","16":"product_tag-fruity","17":"product_tag-jasmine","18":"product_tag-leather","19":"product_tag-leather-scent","20":"product_tag-long-lasting","21":"product_tag-luxurious","22":"product_tag-luxury","23":"product_tag-nicho","24":"product_tag-perfume","25":"product_tag-raspberry","26":"product_tag-saffron","27":"product_tag-spicy","28":"product_tag-thyme","29":"product_tag-unisex","30":"product_tag-woody","31":"pa_presentation-eau-de-parfum-100-ml","32":"pa_presentation-eau-de-parfum-50ml-1-7oz","34":"first","35":"instock","36":"featured","37":"taxable","38":"shipping-taxable","39":"purchasable","40":"product-type-variable"},"_links":{"self":[{"href":"https:\/\/deluxjoia.com\/es\/wp-json\/wp\/v2\/product\/1777","targetHints":{"allow":["GET"]}}],"collection":[{"href":"https:\/\/deluxjoia.com\/es\/wp-json\/wp\/v2\/product"}],"about":[{"href":"https:\/\/deluxjoia.com\/es\/wp-json\/wp\/v2\/types\/product"}],"replies":[{"embeddable":true,"href":"https:\/\/deluxjoia.com\/es\/wp-json\/wp\/v2\/comments?post=1777"}],"wp:featuredmedia":[{"embeddable":true,"href":"https:\/\/deluxjoia.com\/es\/wp-json\/wp\/v2\/media\/1984"}],"wp:attachment":[{"href":"https:\/\/deluxjoia.com\/es\/wp-json\/wp\/v2\/media?parent=1777"}],"wp:term":[{"taxonomy":"product_brand","embeddable":true,"href":"https:\/\/deluxjoia.com\/es\/wp-json\/wp\/v2\/product_brand?post=1777"},{"taxonomy":"product_cat","embeddable":true,"href":"https:\/\/deluxjoia.com\/es\/wp-json\/wp\/v2\/product_cat?post=1777"},{"taxonomy":"product_tag","embeddable":true,"href":"https:\/\/deluxjoia.com\/es\/wp-json\/wp\/v2\/product_tag?post=1777"}],"curies":[{"name":"wp","href":"https:\/\/api.w.org\/{rel}","templated":true}]}}