{"id":1775,"date":"2021-02-15T22:57:12","date_gmt":"2021-02-15T22:57:12","guid":{"rendered":"https:\/\/deluxjoia.com\/?post_type=product&#038;p=1775"},"modified":"2024-11-21T18:04:27","modified_gmt":"2024-11-21T18:04:27","slug":"perfume-daniel-josier-kaleidoscope","status":"publish","type":"product","link":"https:\/\/deluxjoia.com\/es\/producto\/perfume-daniel-josier-kaleidoscope\/","title":{"rendered":"Perfume Daniel Josier Kaleidoscope"},"content":{"rendered":"","protected":false},"excerpt":{"rendered":"<p class=\"p1\">Como buen caleidoscopio, es un perfume muy orquestal con infinidad de materias primas sin protagonista. Al igual que un caleidoscopio m\u00e1gico, este perfume es orquestal. Una infinidad de materias primas sin patr\u00f3n establecido y siempre un poco diferente. Un perfume en tu piel con una fragancia \u00fanica cada vez que lo usas porque no se puede descifrar, cambia sin raz\u00f3n.<\/p>\n<ul>\n<li class=\"p1\">Notas de salida: eucalipto, menta, t\u00e9 verde, tomillo rojo.<\/li>\n<li class=\"p1\">Notas de coraz\u00f3n: incienso lavandule, romero, pino.<\/li>\n<li class=\"p1\">Notas de salida: cedro, pachul\u00ed, oud.<\/li>\n<\/ul>","protected":false},"featured_media":1976,"comment_status":"open","ping_status":"closed","template":"","meta":[],"product_brand":[],"product_cat":[242,229,237,230,233,235],"product_tag":[60,153,159,160,105,158,166,162,63,64,65,134,62,165,84,61,164,161,163,59],"class_list":{"0":"post-1775","1":"product","2":"type-product","3":"status-publish","4":"has-post-thumbnail","6":"product_cat-aromatic","7":"product_cat-day-fragrances","8":"product_cat-green","9":"product_cat-night-fragrances","10":"product_cat-spicy","11":"product_cat-woody","12":"product_tag-aroma","13":"product_tag-cedar","14":"product_tag-eucalyptus","15":"product_tag-green-tea","16":"product_tag-incense","17":"product_tag-infinity-raw-materials","18":"product_tag-kaleidoscope","19":"product_tag-lavandule","20":"product_tag-long-lasting","21":"product_tag-luxurious","22":"product_tag-luxury","23":"product_tag-mint","24":"product_tag-nicho","25":"product_tag-oud","26":"product_tag-patchouli","27":"product_tag-perfume","28":"product_tag-pine-tree","29":"product_tag-red-thyme","30":"product_tag-rosemary","31":"product_tag-unisex","32":"pa_presentation-eau-de-parfum-100-ml","33":"pa_presentation-eau-de-parfum-50ml-1-7oz","35":"first","36":"instock","37":"taxable","38":"shipping-taxable","39":"purchasable","40":"product-type-variable"},"_links":{"self":[{"href":"https:\/\/deluxjoia.com\/es\/wp-json\/wp\/v2\/product\/1775","targetHints":{"allow":["GET"]}}],"collection":[{"href":"https:\/\/deluxjoia.com\/es\/wp-json\/wp\/v2\/product"}],"about":[{"href":"https:\/\/deluxjoia.com\/es\/wp-json\/wp\/v2\/types\/product"}],"replies":[{"embeddable":true,"href":"https:\/\/deluxjoia.com\/es\/wp-json\/wp\/v2\/comments?post=1775"}],"wp:featuredmedia":[{"embeddable":true,"href":"https:\/\/deluxjoia.com\/es\/wp-json\/wp\/v2\/media\/1976"}],"wp:attachment":[{"href":"https:\/\/deluxjoia.com\/es\/wp-json\/wp\/v2\/media?parent=1775"}],"wp:term":[{"taxonomy":"product_brand","embeddable":true,"href":"https:\/\/deluxjoia.com\/es\/wp-json\/wp\/v2\/product_brand?post=1775"},{"taxonomy":"product_cat","embeddable":true,"href":"https:\/\/deluxjoia.com\/es\/wp-json\/wp\/v2\/product_cat?post=1775"},{"taxonomy":"product_tag","embeddable":true,"href":"https:\/\/deluxjoia.com\/es\/wp-json\/wp\/v2\/product_tag?post=1775"}],"curies":[{"name":"wp","href":"https:\/\/api.w.org\/{rel}","templated":true}]}}