{"id":1771,"date":"2021-02-15T22:52:10","date_gmt":"2021-02-15T22:52:10","guid":{"rendered":"https:\/\/deluxjoia.com\/?post_type=product&#038;p=1771"},"modified":"2025-06-08T19:53:10","modified_gmt":"2025-06-08T19:53:10","slug":"perfume-daniel-josier-josune","status":"publish","type":"product","link":"https:\/\/deluxjoia.com\/es\/producto\/perfume-daniel-josier-josune\/","title":{"rendered":"Perfume Daniel Josier Josune"},"content":{"rendered":"","protected":false},"excerpt":{"rendered":"<p class=\"p1\">Daniel decidi\u00f3 crear una fragancia muy especial, una que transmitiera felicidad simple. Despu\u00e9s de muchos intentos, finalmente dio con la combinaci\u00f3n correcta y qued\u00f3 tan cautivado que le puso el nombre de la persona que lo llena de energ\u00eda, positivismo, buen rollo y amor.<\/p>\n<ul>\n<li class=\"p1\">Notas de salida: bergamota, jazm\u00edn rosa.<\/li>\n<li class=\"p1\">Notas de coraz\u00f3n: pachul\u00ed, madera de s\u00e1ndalo, iris.<\/li>\n<li class=\"p1\">Notas de fondo: vainilla, pralin\u00e9, almizcle.<\/li>\n<\/ul>","protected":false},"featured_media":1975,"comment_status":"open","ping_status":"closed","template":"","meta":[],"product_brand":[],"product_cat":[229,232,233,238],"product_tag":[60,82,132,70,145,126,102,63,146,64,65,112,62,84,61,148,147,83,144,69,80,59,85],"class_list":{"0":"post-1771","1":"product","2":"type-product","3":"status-publish","4":"has-post-thumbnail","6":"product_cat-day-fragrances","7":"product_cat-floral","8":"product_cat-spicy","9":"product_cat-sweet","10":"product_tag-aroma","11":"product_tag-bergamot","12":"product_tag-day","13":"product_tag-floral","14":"product_tag-good-vibes","15":"product_tag-iris","16":"product_tag-jasmine","17":"product_tag-long-lasting","18":"product_tag-love","19":"product_tag-luxurious","20":"product_tag-luxury","21":"product_tag-musk","22":"product_tag-nicho","23":"product_tag-patchouli","24":"product_tag-perfume","25":"product_tag-praline","26":"product_tag-rose","27":"product_tag-sandalwood","28":"product_tag-simple","29":"product_tag-spicy","30":"product_tag-sweet","31":"product_tag-unisex","32":"product_tag-vanilla","33":"pa_presentation-eau-de-parfum-100-ml","34":"pa_presentation-eau-de-parfum-50ml-1-7oz","36":"first","37":"instock","38":"taxable","39":"shipping-taxable","40":"purchasable","41":"product-type-variable"},"_links":{"self":[{"href":"https:\/\/deluxjoia.com\/es\/wp-json\/wp\/v2\/product\/1771","targetHints":{"allow":["GET"]}}],"collection":[{"href":"https:\/\/deluxjoia.com\/es\/wp-json\/wp\/v2\/product"}],"about":[{"href":"https:\/\/deluxjoia.com\/es\/wp-json\/wp\/v2\/types\/product"}],"replies":[{"embeddable":true,"href":"https:\/\/deluxjoia.com\/es\/wp-json\/wp\/v2\/comments?post=1771"}],"wp:featuredmedia":[{"embeddable":true,"href":"https:\/\/deluxjoia.com\/es\/wp-json\/wp\/v2\/media\/1975"}],"wp:attachment":[{"href":"https:\/\/deluxjoia.com\/es\/wp-json\/wp\/v2\/media?parent=1771"}],"wp:term":[{"taxonomy":"product_brand","embeddable":true,"href":"https:\/\/deluxjoia.com\/es\/wp-json\/wp\/v2\/product_brand?post=1771"},{"taxonomy":"product_cat","embeddable":true,"href":"https:\/\/deluxjoia.com\/es\/wp-json\/wp\/v2\/product_cat?post=1771"},{"taxonomy":"product_tag","embeddable":true,"href":"https:\/\/deluxjoia.com\/es\/wp-json\/wp\/v2\/product_tag?post=1771"}],"curies":[{"name":"wp","href":"https:\/\/api.w.org\/{rel}","templated":true}]}}