{"id":1769,"date":"2021-02-15T22:49:41","date_gmt":"2021-02-15T22:49:41","guid":{"rendered":"https:\/\/deluxjoia.com\/?post_type=product&#038;p=1769"},"modified":"2024-11-21T18:09:08","modified_gmt":"2024-11-21T18:09:08","slug":"perfume-daniel-josier-interdit-absente","status":"publish","type":"product","link":"https:\/\/deluxjoia.com\/es\/producto\/perfume-daniel-josier-interdit-absente\/","title":{"rendered":"Perfume Daniel Josier Interdit Absente"},"content":{"rendered":"","protected":false},"excerpt":{"rendered":"<p class=\"p1\">Una fragancia embriagadora verde fresca llena de personalidad.<\/p>\n<p class=\"p1\">Basado en el famoso licor de Absenta, tambi\u00e9n llamado \u201chada verde\u201d (destilaci\u00f3n de hinojo) y prohibido durante muchos a\u00f1os (todav\u00eda hoy en algunos lugares), fue fuente de inspiraci\u00f3n y locura de muchos artistas impresionistas. Este perfume es un placer verdaderamente prohibido.<\/p>\n<ul>\n<li class=\"p1\">Notas de salida: Sagerbrush, pomelo, menta, pimienta<\/li>\n<li class=\"p1\">Notas de coraz\u00f3n: jengibre, naranja, hinojo, frutos rojos, litsea<\/li>\n<li class=\"p1\">Notas de fondo: madera blanca, almizcle, naranja, s\u00e1ndalo<\/li>\n<\/ul>","protected":false},"featured_media":1981,"comment_status":"open","ping_status":"closed","template":"","meta":[],"product_brand":[],"product_cat":[242,236,229,234,237,233],"product_tag":[60,130,132,138,129,67,136,94,131,36,140,63,64,65,134,112,62,137,135,61,139,133,142,59,141],"class_list":{"0":"post-1769","1":"product","2":"type-product","3":"status-publish","4":"has-post-thumbnail","6":"product_cat-aromatic","7":"product_cat-citrus","8":"product_cat-day-fragrances","9":"product_cat-fresh","10":"product_cat-green","11":"product_cat-spicy","12":"product_tag-aroma","13":"product_tag-citrus","14":"product_tag-day","15":"product_tag-fannel","16":"product_tag-fragrance","17":"product_tag-fresh","18":"product_tag-ginger","19":"product_tag-grapefruit","20":"product_tag-green","21":"product_tag-light","22":"product_tag-litsea","23":"product_tag-long-lasting","24":"product_tag-luxurious","25":"product_tag-luxury","26":"product_tag-mint","27":"product_tag-musk","28":"product_tag-nicho","29":"product_tag-orange","30":"product_tag-pepper","31":"product_tag-perfume","32":"product_tag-red-berries","33":"product_tag-sagebrush","34":"product_tag-sandawood","35":"product_tag-unisex","36":"product_tag-white-wood","37":"pa_presentation-eau-de-parfum-100-ml","38":"pa_presentation-eau-de-parfum-50ml-1-7oz","40":"first","41":"instock","42":"taxable","43":"shipping-taxable","44":"purchasable","45":"product-type-variable"},"_links":{"self":[{"href":"https:\/\/deluxjoia.com\/es\/wp-json\/wp\/v2\/product\/1769","targetHints":{"allow":["GET"]}}],"collection":[{"href":"https:\/\/deluxjoia.com\/es\/wp-json\/wp\/v2\/product"}],"about":[{"href":"https:\/\/deluxjoia.com\/es\/wp-json\/wp\/v2\/types\/product"}],"replies":[{"embeddable":true,"href":"https:\/\/deluxjoia.com\/es\/wp-json\/wp\/v2\/comments?post=1769"}],"wp:featuredmedia":[{"embeddable":true,"href":"https:\/\/deluxjoia.com\/es\/wp-json\/wp\/v2\/media\/1981"}],"wp:attachment":[{"href":"https:\/\/deluxjoia.com\/es\/wp-json\/wp\/v2\/media?parent=1769"}],"wp:term":[{"taxonomy":"product_brand","embeddable":true,"href":"https:\/\/deluxjoia.com\/es\/wp-json\/wp\/v2\/product_brand?post=1769"},{"taxonomy":"product_cat","embeddable":true,"href":"https:\/\/deluxjoia.com\/es\/wp-json\/wp\/v2\/product_cat?post=1769"},{"taxonomy":"product_tag","embeddable":true,"href":"https:\/\/deluxjoia.com\/es\/wp-json\/wp\/v2\/product_tag?post=1769"}],"curies":[{"name":"wp","href":"https:\/\/api.w.org\/{rel}","templated":true}]}}