{"id":1767,"date":"2021-02-15T22:46:51","date_gmt":"2021-02-15T22:46:51","guid":{"rendered":"https:\/\/deluxjoia.com\/?post_type=product&#038;p=1767"},"modified":"2024-07-01T10:45:53","modified_gmt":"2024-07-01T10:45:53","slug":"perfume-daniel-josier-mystery-oud","status":"publish","type":"product","link":"https:\/\/deluxjoia.com\/es\/producto\/perfume-daniel-josier-mystery-oud\/","title":{"rendered":"Perfume Daniel Josier Mystery Oud"},"content":{"rendered":"","protected":false},"excerpt":{"rendered":"<p class=\"p1\">Intensidad en lo m\u00e1s apasionado. Sensual y poderosamente evocador.<\/p>\n<p class=\"p1\">Su sabor central es la madera de oud, tambi\u00e9n conocida como madera de agar. Es una de las comodidades m\u00e1s ex\u00f3ticas y lujosas conocidas en el mundo. \u00a1Un placer para los sentidos! \u00a1Diferente y \u00fanico!<\/p>\n<ul>\n<li class=\"p1\">Notas de salida: comino, zanahoria, violeta, ang\u00e9lica<\/li>\n<li class=\"p1\">Notas de coraz\u00f3n: iris, incienso, madera de oud, nuez moscada<\/li>\n<li class=\"p1\">Notas de fondo: cuero, \u00e1mbar, oud, labdane, almizcle<\/li>\n<\/ul>","protected":false},"featured_media":1982,"comment_status":"open","ping_status":"closed","template":"","meta":[],"product_brand":[],"product_cat":[242,230,231,270,233,235],"product_tag":[119,87,125,60,123,122,121,105,114,126,127,95,63,64,65,112,62,118,92,79,120,61,116,115,59,124,117,68],"class_list":{"0":"post-1767","1":"product","2":"type-product","3":"status-publish","4":"has-post-thumbnail","6":"product_cat-aromatic","7":"product_cat-night-fragrances","8":"product_cat-oriental","9":"product_cat-smoky","10":"product_cat-spicy","11":"product_cat-woody","12":"product_tag-agarawood","13":"product_tag-amber","14":"product_tag-angelica","15":"product_tag-aroma","16":"product_tag-carrot","17":"product_tag-cumin","18":"product_tag-exotic","19":"product_tag-incense","20":"product_tag-intense","21":"product_tag-iris","22":"product_tag-labdane","23":"product_tag-leather","24":"product_tag-long-lasting","25":"product_tag-luxurious","26":"product_tag-luxury","27":"product_tag-musk","28":"product_tag-nicho","29":"product_tag-night","30":"product_tag-nutmeg","31":"product_tag-oriental","32":"product_tag-oud-wood","33":"product_tag-perfume","34":"product_tag-powerful","35":"product_tag-sensual","36":"product_tag-unisex","37":"product_tag-violet","38":"product_tag-warm","39":"product_tag-woody","40":"pa_presentation-eau-de-parfum-100-ml","41":"pa_presentation-eau-de-parfum-50ml-1-7oz","43":"first","44":"instock","45":"taxable","46":"shipping-taxable","47":"purchasable","48":"product-type-variable"},"_links":{"self":[{"href":"https:\/\/deluxjoia.com\/es\/wp-json\/wp\/v2\/product\/1767","targetHints":{"allow":["GET"]}}],"collection":[{"href":"https:\/\/deluxjoia.com\/es\/wp-json\/wp\/v2\/product"}],"about":[{"href":"https:\/\/deluxjoia.com\/es\/wp-json\/wp\/v2\/types\/product"}],"replies":[{"embeddable":true,"href":"https:\/\/deluxjoia.com\/es\/wp-json\/wp\/v2\/comments?post=1767"}],"wp:featuredmedia":[{"embeddable":true,"href":"https:\/\/deluxjoia.com\/es\/wp-json\/wp\/v2\/media\/1982"}],"wp:attachment":[{"href":"https:\/\/deluxjoia.com\/es\/wp-json\/wp\/v2\/media?parent=1767"}],"wp:term":[{"taxonomy":"product_brand","embeddable":true,"href":"https:\/\/deluxjoia.com\/es\/wp-json\/wp\/v2\/product_brand?post=1767"},{"taxonomy":"product_cat","embeddable":true,"href":"https:\/\/deluxjoia.com\/es\/wp-json\/wp\/v2\/product_cat?post=1767"},{"taxonomy":"product_tag","embeddable":true,"href":"https:\/\/deluxjoia.com\/es\/wp-json\/wp\/v2\/product_tag?post=1767"}],"curies":[{"name":"wp","href":"https:\/\/api.w.org\/{rel}","templated":true}]}}