{"id":1764,"date":"2021-02-15T22:44:15","date_gmt":"2021-02-15T22:44:15","guid":{"rendered":"https:\/\/deluxjoia.com\/?post_type=product&#038;p=1764"},"modified":"2022-03-01T15:33:25","modified_gmt":"2022-03-01T15:33:25","slug":"perfume-daniel-josier-quetzaly","status":"publish","type":"product","link":"https:\/\/deluxjoia.com\/es\/producto\/perfume-daniel-josier-quetzaly\/","title":{"rendered":"Perfume Daniel Josier Quetzaly"},"content":{"rendered":"","protected":false},"excerpt":{"rendered":"<p class=\"p1\">El perfume es un incienso \u00fanico con car\u00e1cter mexicano, la intro del perfume se compone de lima, aguacate y aj\u00ed, el coraz\u00f3n y protagonista del perfume est\u00e1 formado por incienso, copal y la dalia (flor nacional de M\u00e9xico). la base y profundidad del perfume se consigue con cedro, s\u00e1ndalo y almizcle.<\/p>\n<ul>\n<li class=\"p1\">Notas de salida: lima, aguacate, chile<\/li>\n<li class=\"p1\">Notas medias: incienso, copal, dalia<\/li>\n<li class=\"p1\">Notas de fondo: madera de cedro, s\u00e1ndalo, almizcle<\/li>\n<\/ul>","protected":false},"featured_media":1979,"comment_status":"open","ping_status":"closed","template":"","meta":[],"product_brand":[],"product_cat":[236,234,237,230,270,233,235],"product_tag":[60,108,109,105,107,63,64,65,106,111,112,62,61,83,110,59],"class_list":{"0":"post-1764","1":"product","2":"type-product","3":"status-publish","4":"has-post-thumbnail","6":"product_cat-citrus","7":"product_cat-fresh","8":"product_cat-green","9":"product_cat-night-fragrances","10":"product_cat-smoky","11":"product_cat-spicy","12":"product_cat-woody","13":"product_tag-aroma","14":"product_tag-avocado","15":"product_tag-chili","16":"product_tag-incense","17":"product_tag-lime","18":"product_tag-long-lasting","19":"product_tag-luxurious","20":"product_tag-luxury","21":"product_tag-mexico","22":"product_tag-mexico-national-flower","23":"product_tag-musk","24":"product_tag-nicho","25":"product_tag-perfume","26":"product_tag-sandalwood","27":"product_tag-tahlia","28":"product_tag-unisex","29":"pa_presentation-eau-de-parfum-100-ml","30":"pa_presentation-eau-de-parfum-50ml-1-7oz","32":"first","33":"instock","34":"taxable","35":"shipping-taxable","36":"purchasable","37":"product-type-variable"},"_links":{"self":[{"href":"https:\/\/deluxjoia.com\/es\/wp-json\/wp\/v2\/product\/1764","targetHints":{"allow":["GET"]}}],"collection":[{"href":"https:\/\/deluxjoia.com\/es\/wp-json\/wp\/v2\/product"}],"about":[{"href":"https:\/\/deluxjoia.com\/es\/wp-json\/wp\/v2\/types\/product"}],"replies":[{"embeddable":true,"href":"https:\/\/deluxjoia.com\/es\/wp-json\/wp\/v2\/comments?post=1764"}],"wp:featuredmedia":[{"embeddable":true,"href":"https:\/\/deluxjoia.com\/es\/wp-json\/wp\/v2\/media\/1979"}],"wp:attachment":[{"href":"https:\/\/deluxjoia.com\/es\/wp-json\/wp\/v2\/media?parent=1764"}],"wp:term":[{"taxonomy":"product_brand","embeddable":true,"href":"https:\/\/deluxjoia.com\/es\/wp-json\/wp\/v2\/product_brand?post=1764"},{"taxonomy":"product_cat","embeddable":true,"href":"https:\/\/deluxjoia.com\/es\/wp-json\/wp\/v2\/product_cat?post=1764"},{"taxonomy":"product_tag","embeddable":true,"href":"https:\/\/deluxjoia.com\/es\/wp-json\/wp\/v2\/product_tag?post=1764"}],"curies":[{"name":"wp","href":"https:\/\/api.w.org\/{rel}","templated":true}]}}