{"id":1762,"date":"2021-02-15T22:38:34","date_gmt":"2021-02-15T22:38:34","guid":{"rendered":"https:\/\/deluxjoia.com\/?post_type=product&#038;p=1762"},"modified":"2024-07-08T14:08:28","modified_gmt":"2024-07-08T14:08:28","slug":"perfume-daniel-josier-tuberose","status":"publish","type":"product","link":"https:\/\/deluxjoia.com\/es\/producto\/perfume-daniel-josier-tuberose\/","title":{"rendered":"Perfume Daniel Josier Tuberose"},"content":{"rendered":"","protected":false},"excerpt":{"rendered":"<p class=\"p1\">Un perfume \u00fanico y con mucha profundidad que se abre con frutos rojos, especias y nuez moscada con suaves y delicados toques de tagetes y pomelo en los bordes dando paso a un cuero majestuoso. El sabor es tropical con flores blancas c\u00e1lidas, nardos y ylang-ylang entrelazadas con un toque de heliotropo salvaje y Osmantus. El \u00e1mbar y la flor de vainilla aportan sensualidad. La fragancia est\u00e1 envuelta en un sutil musgo de roble y almizcle blanco.<\/p>\n<ul>\n<li class=\"p1\">Notas de salida: Davana, frutos rojos, taget, nardo<\/li>\n<li class=\"p1\">Notas medias: ylang-ylang, nuez moscada, jazm\u00edn, nardo<\/li>\n<li class=\"p1\">Notas de fondo: musgo de roble, vainilla, almizcle<\/li>\n<\/ul>","protected":false},"featured_media":1983,"comment_status":"open","ping_status":"closed","template":"","meta":[],"product_brand":[],"product_cat":[232,230,231,238,235],"product_tag":[87,60,101,70,94,102,95,63,64,65,62,92,99,79,61,90,91,93,59,85,100,96,98,97],"class_list":{"0":"post-1762","1":"product","2":"type-product","3":"status-publish","4":"has-post-thumbnail","6":"product_cat-floral","7":"product_cat-night-fragrances","8":"product_cat-oriental","9":"product_cat-sweet","10":"product_cat-woody","11":"product_tag-amber","12":"product_tag-aroma","13":"product_tag-davana","14":"product_tag-floral","15":"product_tag-grapefruit","16":"product_tag-jasmine","17":"product_tag-leather","18":"product_tag-long-lasting","19":"product_tag-luxurious","20":"product_tag-luxury","21":"product_tag-nicho","22":"product_tag-nutmeg","23":"product_tag-oak-moss","24":"product_tag-oriental","25":"product_tag-perfume","26":"product_tag-pink-berries","27":"product_tag-spice","28":"product_tag-taget","29":"product_tag-unisex","30":"product_tag-vanilla","31":"product_tag-white-musk","32":"product_tag-white-tuberose","33":"product_tag-wild-heliotrope","34":"product_tag-ylang-ylang","35":"pa_presentation-eau-de-parfum-100-ml","36":"pa_presentation-eau-de-parfum-50ml-1-7oz","38":"first","39":"instock","40":"taxable","41":"shipping-taxable","42":"purchasable","43":"product-type-variable"},"_links":{"self":[{"href":"https:\/\/deluxjoia.com\/es\/wp-json\/wp\/v2\/product\/1762","targetHints":{"allow":["GET"]}}],"collection":[{"href":"https:\/\/deluxjoia.com\/es\/wp-json\/wp\/v2\/product"}],"about":[{"href":"https:\/\/deluxjoia.com\/es\/wp-json\/wp\/v2\/types\/product"}],"replies":[{"embeddable":true,"href":"https:\/\/deluxjoia.com\/es\/wp-json\/wp\/v2\/comments?post=1762"}],"wp:featuredmedia":[{"embeddable":true,"href":"https:\/\/deluxjoia.com\/es\/wp-json\/wp\/v2\/media\/1983"}],"wp:attachment":[{"href":"https:\/\/deluxjoia.com\/es\/wp-json\/wp\/v2\/media?parent=1762"}],"wp:term":[{"taxonomy":"product_brand","embeddable":true,"href":"https:\/\/deluxjoia.com\/es\/wp-json\/wp\/v2\/product_brand?post=1762"},{"taxonomy":"product_cat","embeddable":true,"href":"https:\/\/deluxjoia.com\/es\/wp-json\/wp\/v2\/product_cat?post=1762"},{"taxonomy":"product_tag","embeddable":true,"href":"https:\/\/deluxjoia.com\/es\/wp-json\/wp\/v2\/product_tag?post=1762"}],"curies":[{"name":"wp","href":"https:\/\/api.w.org\/{rel}","templated":true}]}}