{"id":1760,"date":"2021-02-15T22:35:13","date_gmt":"2021-02-15T22:35:13","guid":{"rendered":"https:\/\/deluxjoia.com\/?post_type=product&#038;p=1760"},"modified":"2026-03-31T22:12:09","modified_gmt":"2026-03-31T22:12:09","slug":"perfume-daniel-josier-ambre-tabac","status":"publish","type":"product","link":"https:\/\/deluxjoia.com\/es\/producto\/perfume-daniel-josier-ambre-tabac\/","title":{"rendered":"Perfume Daniel Josier Ambre Tabac"},"content":{"rendered":"","protected":false},"excerpt":{"rendered":"<p class=\"p1\">Convincente pero dulce. Se abre con una combinaci\u00f3n de incienso africano y bergamota, dando paso a un coraz\u00f3n amaderado compuesto por el siempre sensual s\u00e1ndalo que refuerza su intensidad por el pachul\u00ed. La nota que la diferencia de otras fragancias de vainilla oriental, es la personalidad de la hoja de tabaco que encontramos c\u00f3mo nota de fondo. La vainilla y el \u00e1mbar completan este perfume tan personal.<\/p>\n<ul>\n<li class=\"p1\">Notas de salida: incienso, bergamota<\/li>\n<li class=\"p1\">Notas de coraz\u00f3n: pachul\u00ed, s\u00e1ndalo.<\/li>\n<li class=\"p1\">Notas de fondo: Ambar, hoja de tabaco, vainilla<\/li>\n<\/ul>","protected":false},"featured_media":1977,"comment_status":"open","ping_status":"closed","template":"","meta":[],"product_brand":[],"product_cat":[230,233,238,235],"product_tag":[81,87,60,82,88,63,64,65,62,79,84,61,83,69,80,86,59,85,68],"class_list":{"0":"post-1760","1":"product","2":"type-product","3":"status-publish","4":"has-post-thumbnail","6":"product_cat-night-fragrances","7":"product_cat-spicy","8":"product_cat-sweet","9":"product_cat-woody","10":"product_tag-african-incense","11":"product_tag-amber","12":"product_tag-aroma","13":"product_tag-bergamot","14":"product_tag-cinnamon","15":"product_tag-long-lasting","16":"product_tag-luxurious","17":"product_tag-luxury","18":"product_tag-nicho","19":"product_tag-oriental","20":"product_tag-patchouli","21":"product_tag-perfume","22":"product_tag-sandalwood","23":"product_tag-spicy","24":"product_tag-sweet","25":"product_tag-tobacco","26":"product_tag-unisex","27":"product_tag-vanilla","28":"product_tag-woody","29":"pa_presentation-eau-de-parfum-100-ml","30":"pa_presentation-eau-de-parfum-50ml-1-7oz","32":"first","33":"instock","34":"taxable","35":"shipping-taxable","36":"purchasable","37":"product-type-variable"},"_links":{"self":[{"href":"https:\/\/deluxjoia.com\/es\/wp-json\/wp\/v2\/product\/1760","targetHints":{"allow":["GET"]}}],"collection":[{"href":"https:\/\/deluxjoia.com\/es\/wp-json\/wp\/v2\/product"}],"about":[{"href":"https:\/\/deluxjoia.com\/es\/wp-json\/wp\/v2\/types\/product"}],"replies":[{"embeddable":true,"href":"https:\/\/deluxjoia.com\/es\/wp-json\/wp\/v2\/comments?post=1760"}],"wp:featuredmedia":[{"embeddable":true,"href":"https:\/\/deluxjoia.com\/es\/wp-json\/wp\/v2\/media\/1977"}],"wp:attachment":[{"href":"https:\/\/deluxjoia.com\/es\/wp-json\/wp\/v2\/media?parent=1760"}],"wp:term":[{"taxonomy":"product_brand","embeddable":true,"href":"https:\/\/deluxjoia.com\/es\/wp-json\/wp\/v2\/product_brand?post=1760"},{"taxonomy":"product_cat","embeddable":true,"href":"https:\/\/deluxjoia.com\/es\/wp-json\/wp\/v2\/product_cat?post=1760"},{"taxonomy":"product_tag","embeddable":true,"href":"https:\/\/deluxjoia.com\/es\/wp-json\/wp\/v2\/product_tag?post=1760"}],"curies":[{"name":"wp","href":"https:\/\/api.w.org\/{rel}","templated":true}]}}