{"id":1751,"date":"2021-02-15T22:22:56","date_gmt":"2021-02-15T22:22:56","guid":{"rendered":"https:\/\/deluxjoia.com\/?post_type=product&#038;p=1751"},"modified":"2026-04-24T18:23:43","modified_gmt":"2026-04-24T18:23:43","slug":"perfume-daniel-josier-le-musk","status":"publish","type":"product","link":"https:\/\/deluxjoia.com\/es\/producto\/perfume-daniel-josier-le-musk\/","title":{"rendered":"Perfume Daniel Josier Le Musk"},"content":{"rendered":"","protected":false},"excerpt":{"rendered":"<p class=\"p1\">Una nube sensual de almizcle blanco se extiende alrededor con una textura cremosa de color \u00e1mbar. Se abre con semillas de muscone, ang\u00e9lica y abelmoscheus, que le confiere un car\u00e1cter almizclado qu\u00e9 da paso a un coraz\u00f3n con madera de Bombay y detalles de pachul\u00ed y rosa.<\/p>\n<ul>\n<li class=\"p1\">Notas de salida: ang\u00e9lica, muscone.<\/li>\n<li class=\"p1\">Notas de coraz\u00f3n: almizcle, madera de Bombay, notas de rosa.<\/li>\n<li class=\"p1\">Notas de fondo: almizcle blanco, labdano<\/li>\n<\/ul>","protected":false},"featured_media":1978,"comment_status":"open","ping_status":"closed","template":"","meta":[],"product_brand":[],"product_cat":[232,230,231,235],"product_tag":[60,63,77,65,62,61,59],"class_list":{"0":"post-1751","1":"product","2":"type-product","3":"status-publish","4":"has-post-thumbnail","6":"product_cat-floral","7":"product_cat-night-fragrances","8":"product_cat-oriental","9":"product_cat-woody","10":"product_tag-aroma","11":"product_tag-long-lasting","12":"product_tag-luxurious-night","13":"product_tag-luxury","14":"product_tag-nicho","15":"product_tag-perfume","16":"product_tag-unisex","17":"pa_presentation-eau-de-parfum-100-ml","18":"pa_presentation-eau-de-parfum-50ml-1-7oz","20":"first","21":"instock","22":"taxable","23":"shipping-taxable","24":"purchasable","25":"product-type-variable"},"_links":{"self":[{"href":"https:\/\/deluxjoia.com\/es\/wp-json\/wp\/v2\/product\/1751","targetHints":{"allow":["GET"]}}],"collection":[{"href":"https:\/\/deluxjoia.com\/es\/wp-json\/wp\/v2\/product"}],"about":[{"href":"https:\/\/deluxjoia.com\/es\/wp-json\/wp\/v2\/types\/product"}],"replies":[{"embeddable":true,"href":"https:\/\/deluxjoia.com\/es\/wp-json\/wp\/v2\/comments?post=1751"}],"wp:featuredmedia":[{"embeddable":true,"href":"https:\/\/deluxjoia.com\/es\/wp-json\/wp\/v2\/media\/1978"}],"wp:attachment":[{"href":"https:\/\/deluxjoia.com\/es\/wp-json\/wp\/v2\/media?parent=1751"}],"wp:term":[{"taxonomy":"product_brand","embeddable":true,"href":"https:\/\/deluxjoia.com\/es\/wp-json\/wp\/v2\/product_brand?post=1751"},{"taxonomy":"product_cat","embeddable":true,"href":"https:\/\/deluxjoia.com\/es\/wp-json\/wp\/v2\/product_cat?post=1751"},{"taxonomy":"product_tag","embeddable":true,"href":"https:\/\/deluxjoia.com\/es\/wp-json\/wp\/v2\/product_tag?post=1751"}],"curies":[{"name":"wp","href":"https:\/\/api.w.org\/{rel}","templated":true}]}}