{"id":340,"date":"2019-07-24T01:37:17","date_gmt":"2019-07-24T01:37:17","guid":{"rendered":"https:\/\/goya.everthemes.com\/demo-decor\/?page_id=340"},"modified":"2021-04-26T18:50:43","modified_gmt":"2021-04-26T18:50:43","slug":"about-us","status":"publish","type":"page","link":"https:\/\/deluxjoia.com\/es\/about-us\/","title":{"rendered":"Nosotros"},"content":{"rendered":"<div  class=\"sec_row container-fluid\"><div data-vc-parallax=\"1.5\" class=\"vc_row wpb_row vc_row-fluid no-padding align-center vc_row-has-fill vc_general vc_parallax vc_parallax-content-moving\"><div class=\"wpb_column vc_column_container vc_col-sm-12 et-light-column\"><div class=\"vc_column-inner\"><div class=\"wpb_wrapper\">\r\n\t\t<div class=\"et-banner-69df941e885c5 et-banner content-full  image-type-css vh-height text-color-light hover-effect hover-zoom\"><div class=\"et-banner-image\" role=\"img\" aria-label=\"about-us-1\" data-image=\"https:\/\/deluxjoia.com\/wp-content\/uploads\/2021\/04\/about-us-1.jpg\" style=\"background-image: url(https:\/\/deluxjoia.com\/wp-content\/uploads\/2021\/04\/about-us-1.jpg);\"><\/div>\r\n\t\t\t<div class=\"et-banner-content\">\r\n\t\t\t\t<div class=\"et-banner-content-inner container\">\r\n\t\t\t\t\t<div class=\"et-banner-text h_center v_center align_center\">\r\n\t\t\t\t\t\t<div class=\"et-banner-text-inner animated\" data-animate=\"et-fadeInUp\"><h2 class=\"et-banner-title color- xlarge\">Nosotros<\/h2><\/div>\r\n\t\t\t\t\t<\/div>\r\n\t\t\t\t<\/div>\r\n\t\t\t<\/div>\r\n\t\t<\/div><\/div><\/div><\/div><\/div><\/div><div  class=\"sec_row container\"><div class=\"vc_row wpb_row vc_row-fluid align-center vc_custom_1579121915525\"><div class=\"wpb_column vc_column_container animation bottom-to-top vc_col-sm-6 vc_col-lg-8 et-dark-column\"><div class=\"vc_column-inner\"><div class=\"wpb_wrapper\"><div class=\"vc_row wpb_row vc_inner vc_row-fluid max_width align-center\"><div class=\"wpb_column vc_column_container vc_col-sm-12 et-dark-column\"><div class=\"vc_column-inner\"><div class=\"wpb_wrapper\">\n\t<div class=\"wpb_text_column wpb_content_element\" >\n\t\t<div class=\"wpb_wrapper\">\n\t\t\t<p>DeluxJoia es una empresa americana fondada en 2016 por tres mujeres emprendedoras amantes de los perfumes, lo que las impulso a querer abrir nuevos mercados con tenacidad, profesionalidad y perseverancia para peque\u00f1as y nuevas marcas nicho en USA, Canada y Latinoam\u00e9rica. Con la intenci\u00f3n de que mucha m\u00e1s gente tenga la posibilidad de conocer y disfrutar marcas no tan conocidas y de muy buena calidad.<\/p>\n<p>DeluxJoia (3WINP) es el importador y distribuidor exclusivo de: Daniel Josier, Thauy, Somens Barcelona, Agua e\u00b4Lluvia e History in Drops. Si tiene alguna pregunta sobre la venta al por mayor, puede contactarnos en trade@3winp.com.<\/p>\n\n\t\t<\/div>\n\t<\/div>\n<\/div><\/div><\/div><\/div><\/div><\/div><\/div><\/div><\/div>","protected":false},"excerpt":{"rendered":"About Us DeluxJoia is an American company founded in 2016 by three enterprising women who love perfumes, which prompted them to want to open new markets with tenacity, professionalism and perseverance for small and new niche brands in the USA, Canada and Latin America. With the intention that many more [...]","protected":false},"author":1,"featured_media":0,"parent":0,"menu_order":0,"comment_status":"closed","ping_status":"closed","template":"","meta":{"footnotes":""},"class_list":["post-340","page","type-page","status-publish","hentry"],"_links":{"self":[{"href":"https:\/\/deluxjoia.com\/es\/wp-json\/wp\/v2\/pages\/340","targetHints":{"allow":["GET"]}}],"collection":[{"href":"https:\/\/deluxjoia.com\/es\/wp-json\/wp\/v2\/pages"}],"about":[{"href":"https:\/\/deluxjoia.com\/es\/wp-json\/wp\/v2\/types\/page"}],"author":[{"embeddable":true,"href":"https:\/\/deluxjoia.com\/es\/wp-json\/wp\/v2\/users\/1"}],"replies":[{"embeddable":true,"href":"https:\/\/deluxjoia.com\/es\/wp-json\/wp\/v2\/comments?post=340"}],"version-history":[{"count":5,"href":"https:\/\/deluxjoia.com\/es\/wp-json\/wp\/v2\/pages\/340\/revisions"}],"predecessor-version":[{"id":2148,"href":"https:\/\/deluxjoia.com\/es\/wp-json\/wp\/v2\/pages\/340\/revisions\/2148"}],"wp:attachment":[{"href":"https:\/\/deluxjoia.com\/es\/wp-json\/wp\/v2\/media?parent=340"}],"curies":[{"name":"wp","href":"https:\/\/api.w.org\/{rel}","templated":true}]}}