{"id":1997,"date":"2021-03-16T16:21:30","date_gmt":"2021-03-16T16:21:30","guid":{"rendered":"https:\/\/deluxjoia.com\/?page_id=1997"},"modified":"2022-10-11T17:16:21","modified_gmt":"2022-10-11T17:16:21","slug":"refund-policy","status":"publish","type":"page","link":"https:\/\/deluxjoia.com\/es\/refund-policy\/","title":{"rendered":"Refund Policy"},"content":{"rendered":"<p><strong>Returns<\/strong><\/p>\n\n\n\n<p>Nuestra p\u00f3liza tiene una duraci\u00f3n de 10 d\u00edas. Si han pasado 10 d\u00edas desde su compra, lamentablemente no podemos ofrecerle un reembolso o cambio.<\/p>\n\n\n\n<p>Para ser elegible para una devoluci\u00f3n, su art\u00edculo debe estar sin usar y en las mismas condiciones en que lo recibi\u00f3. Tambi\u00e9n debe estar en el embalaje original.<\/p>\n\n\n\n<p>Varios tipos de bienes est\u00e1n exentos de ser devueltos. Tenga en cuenta que no aceptamos devoluciones de cosm\u00e9ticos y art\u00edculos para el cuidado de la piel por motivos de salud e higiene, haga sus selecciones con cuidado. No aceptamos la devoluci\u00f3n de ning\u00fan art\u00edculo que no est\u00e9 en su estado original, da\u00f1ado o que falten piezas por razones que no se deban a nuestro error.<\/p>\n\n\n\n<p>Para completar su devoluci\u00f3n, requerimos un recibo o comprobante de compra.<\/p>\n\n\n\n<p>Por favor, no devuelva su compra al fabricante.<\/p>\n\n\n\n<p>Hay ciertas situaciones en las que solo se otorgan reembolsos parciales (si corresponde)<\/p>\n\n\n\n<p>Cualquier art\u00edculo que no est\u00e9 en su estado original, da\u00f1ado o que falten piezas por razones que no se deban a nuestro error<\/p>\n\n\n\n<p>Cualquier art\u00edculo que se devuelva m\u00e1s de 10 d\u00edas despu\u00e9s de la entrega<\/p>\n\n\n\n<p><strong>Reembolsos (si corresponde)<\/strong><\/p>\n\n\n\n<p>Una vez que se reciba e inspeccione su devoluci\u00f3n, le enviaremos un correo electr\u00f3nico para notificarle que hemos recibido su art\u00edculo devuelto. Tambi\u00e9n le notificaremos la aprobaci\u00f3n o rechazo de su reembolso.<\/p>\n\n\n\n<p>Si se aprueba, se procesar\u00e1 su reembolso y se aplicar\u00e1 autom\u00e1ticamente un cr\u00e9dito a su tarjeta de cr\u00e9dito o m\u00e9todo de pago original, dentro de una cierta cantidad de d\u00edas.<\/p>\n\n\n\n<p><strong>Reembolsos atrasados o faltantes (si corresponde)<\/strong><\/p>\n\n\n\n<p>Si a\u00fan no ha recibido un reembolso, primero verifique su cuenta bancaria nuevamente.<\/p>\n\n\n\n<p>Luego, comun\u00edquese con la compa\u00f1\u00eda de su tarjeta de cr\u00e9dito, puede tomar alg\u00fan tiempo antes de que se publique oficialmente su reembolso.<\/p>\n\n\n\n<p>A continuaci\u00f3n, p\u00f3ngase en contacto con su banco. A menudo hay alg\u00fan tiempo de procesamiento antes de que se publique un reembolso.<\/p>\n\n\n\n<p>Si ha hecho todo esto y a\u00fan no ha recibido su reembolso, cont\u00e1ctenos en <a href=\"mailto:info@deluxjoia.com\">info@deluxjoia.com<\/a><\/p>\n\n\n\n<p><strong>Art\u00edculos en oferta (si corresponde)<\/strong><\/p>\n\n\n\n<p>Solo se pueden reembolsar los art\u00edculos de precio regular, lamentablemente, los art\u00edculos en oferta no se pueden reembolsar.<\/p>\n\n\n\n<p>Exchanges (if applicable)<\/p>\n\n\n\n<p>Solo reemplazamos art\u00edculos si est\u00e1n defectuosos o da\u00f1ados. Si necesita cambiarlo por el mismo art\u00edculo, env\u00edenos un correo electr\u00f3nico a <a href=\"mailto:info@deluxjoia.com\">info@deluxjoia.com<\/a> y env\u00ede su art\u00edculo a 19585 NE Tenth Ave, North Miami Beach, FL 33179.<\/p>\n\n\n\n<p><strong>Env\u00edo<\/strong><\/p>\n\n\n\n<p>Para devolver su producto, debe enviarlo por correo a 19585 NE Tenth Ave, North Miami Beach, FL 33179.<\/p>\n\n\n\n<p>Usted ser\u00e1 responsable de pagar sus propios costos de env\u00edo para devolver su art\u00edculo. Los gastos de env\u00edo no son reembolsables. Si recibe un reembolso, el costo del env\u00edo de devoluci\u00f3n se deducir\u00e1 de su reembolso.<\/p>\n\n\n\n<p>Cualquier costo de env\u00edo u otros costos en los que incurra para devolvernos el producto no ser\u00e1n reembolsados y no ser\u00e1n pagados ni asumidos por nosotros.<\/p>\n\n\n\n<p>El costo de env\u00edo no es reembolsable por paquetes no entregados, no reclamados o devueltos a menos que hayamos cometido un error.<\/p>\n\n\n\n<p>Dependiendo de d\u00f3nde viva, el tiempo que puede tardar en llegarle el producto intercambiado puede variar.<\/p>\n\n\n\n<p>Si env\u00eda un art\u00edculo de m\u00e1s de $ 75, debe considerar usar un servicio de env\u00edo rastreable o comprar un seguro de env\u00edo. No garantizamos que recibiremos su art\u00edculo devuelto.<\/p>","protected":false},"excerpt":{"rendered":"<p>Returns Our policy lasts 10 days. If 10 days have gone by since your purchase, unfortunately, we can\u2019t offer you a refund or exchange. To be eligible for a return, your item must be unused and in the same condition that you received it. It must also be in the [&hellip;]<\/p>\n","protected":false},"author":2,"featured_media":0,"parent":0,"menu_order":0,"comment_status":"closed","ping_status":"closed","template":"","meta":{"footnotes":""},"class_list":["post-1997","page","type-page","status-publish","hentry"],"_links":{"self":[{"href":"https:\/\/deluxjoia.com\/es\/wp-json\/wp\/v2\/pages\/1997","targetHints":{"allow":["GET"]}}],"collection":[{"href":"https:\/\/deluxjoia.com\/es\/wp-json\/wp\/v2\/pages"}],"about":[{"href":"https:\/\/deluxjoia.com\/es\/wp-json\/wp\/v2\/types\/page"}],"author":[{"embeddable":true,"href":"https:\/\/deluxjoia.com\/es\/wp-json\/wp\/v2\/users\/2"}],"replies":[{"embeddable":true,"href":"https:\/\/deluxjoia.com\/es\/wp-json\/wp\/v2\/comments?post=1997"}],"version-history":[{"count":4,"href":"https:\/\/deluxjoia.com\/es\/wp-json\/wp\/v2\/pages\/1997\/revisions"}],"predecessor-version":[{"id":2634,"href":"https:\/\/deluxjoia.com\/es\/wp-json\/wp\/v2\/pages\/1997\/revisions\/2634"}],"wp:attachment":[{"href":"https:\/\/deluxjoia.com\/es\/wp-json\/wp\/v2\/media?parent=1997"}],"curies":[{"name":"wp","href":"https:\/\/api.w.org\/{rel}","templated":true}]}}